{"id":53398,"date":"2022-02-22T11:05:11","date_gmt":"2022-02-22T10:05:11","guid":{"rendered":"https:\/\/novastan.org\/fr\/?page_id=53398"},"modified":"2023-03-30T10:37:51","modified_gmt":"2023-03-30T08:37:51","slug":"conditions-generales-de-vente","status":"publish","type":"page","link":"https:\/\/novastan.org\/fr\/conditions-generales-de-vente\/","title":{"rendered":"Conditions g\u00e9n\u00e9rales de vente"},"content":{"rendered":"\n<h2 class=\"wp-block-heading\">Conditions g\u00e9n\u00e9rales de vente<\/h2>\n\n\n\n<p><i><span style=\"font-weight: 400;\">En vigueur au 31 d\u00e9cembre 2021.<\/span><\/i><\/p>\n\n\n\n<h5 class=\"wp-block-heading\"><b>Article 1 : Champ d\u2019application<\/b><\/h5>\n\n\n\n<p><span style=\"font-weight: 400;\">Les conditions g\u00e9n\u00e9rales de vente d\u00e9crites ci-apr\u00e8s d\u00e9taillent les droits et obligations de Novastan France et de son client dans le cadre de :&nbsp;<\/span><\/p>\n\n\n\n<ul class=\"wp-block-list\">\n<li><span style=\"font-weight: 400;\">la vente d\u2019abonnements individuels aupr\u00e8s d\u2019individus ou de personnes morales.&nbsp;<\/span><\/li>\n\n\n\n<li><span style=\"font-weight: 400;\">la vente d\u2019abonnements sous la forme de licences<\/span><\/li>\n\n\n\n<li><span style=\"font-weight: 400;\">la vente d\u2019encarts publicitaires<\/span><\/li>\n<\/ul>\n\n\n\n<p><span style=\"font-weight: 400;\">Toute prestation accomplie par Novastan France implique donc l&rsquo;adh\u00e9sion sans r\u00e9serve de l&rsquo;acheteur aux pr\u00e9sentes conditions g\u00e9n\u00e9rales de vente.<\/span><\/p>\n\n\n\n<h5 class=\"wp-block-heading\"><b>Article 2 : Prix<\/b><\/h5>\n\n\n\n<p><span style=\"font-weight: 400;\">Les services sont fournis aux tarifs en vigueur, lors de l\u2019accord entre le client et Novastan. Ils sont libell\u00e9s en euros et calcul\u00e9s hors taxes.<\/span><span style=\"font-weight: 400;\">Novastan s&rsquo;accorde le droit de modifier ses tarifs \u00e0 tout moment. Toutefois, elle s&rsquo;engage \u00e0 facturer les services fournis aux prix indiqu\u00e9s lors de l\u2019accord effectu\u00e9 avec le client, par email ou par un contrat sign\u00e9 selon les besoins du client.<\/span><span style=\"font-weight: 400;\">Une facture est \u00e9tablie par Novastan et remise au client lors de la prestation des services command\u00e9s.<\/span><\/p>\n\n\n\n<h5 class=\"wp-block-heading\"><b>Article 3 : Rabais<\/b><\/h5>\n\n\n\n<p><span style=\"font-weight: 400;\">Les tarifs propos\u00e9s comprennent les rabais que Novastan serait amen\u00e9 \u00e0 octroyer compte tenu de ses r\u00e9sultats ou de la prise en charge par l&rsquo;acheteur de certaines prestations.<\/span><\/p>\n\n\n\n<h5 class=\"wp-block-heading\"><b>Article 4 : Escompte<\/b><\/h5>\n\n\n\n<p><span style=\"font-weight: 400;\">Aucun escompte ne sera consenti en cas de paiement anticip\u00e9.<\/span><\/p>\n\n\n\n<h5 class=\"wp-block-heading\"><b>Article 5 : Modalit\u00e9s de paiement<\/b><\/h5>\n\n\n\n<p><span style=\"font-weight: 400;\">Le paiement des montants dus au titre des commandes est r\u00e9gl\u00e9 au jour de la livraison du bien ou de la r\u00e9alisation de la prestation de services et au plus tard dans un d\u00e9lai inf\u00e9rieur ou \u00e9gal \u00e0 trente (30) jours \u00e0 compter de la date de livraison ou de la fourniture de la prestation de service.<\/span><span style=\"font-weight: 400;\">Le paiement devra \u00eatre effectu\u00e9 soit par virement bancaire soit par ch\u00e8que.<\/span><span style=\"font-weight: 400;\">Toute r\u00e9clamation ou contestation sur le montant d\u2019une facture ou la nature des prestations d\u00e9crites par une facture doit \u00eatre formul\u00e9e par lettre recommand\u00e9e avec accus\u00e9 de r\u00e9ception adress\u00e9es \u00e0 Novastan (8, rue du g\u00e9n\u00e9ral Renault, 75011 Paris) dans un d\u00e9lai de soixante (60) jours \u00e0 compter de la date d\u2019\u00e9mission de la facture. Pass\u00e9 ce d\u00e9lai, aucune r\u00e9clamation ou contestation ne sera recevable<\/span><\/p>\n\n\n\n<h5 class=\"wp-block-heading\"><b>Article 6 : Retard de paiement<\/b><\/h5>\n\n\n\n<p><span style=\"font-weight: 400;\">En cas de d\u00e9faut de paiement total ou partiel des prestations fournies, l&rsquo;acheteur doit verser \u00e0 Novastan une p\u00e9nalit\u00e9 de retard \u00e9gale \u00e0 trois fois le taux d\u2019int\u00e9r\u00eat l\u00e9gal. Le taux d\u2019int\u00e9r\u00eat l\u00e9gal retenu est celui en vigueur au jour de l\u2019ex\u00e9cution des prestations.<\/span><span style=\"font-weight: 400;\">A compter du 1er janvier 2015, le taux d&rsquo;int\u00e9r\u00eat l\u00e9gal sera r\u00e9vis\u00e9 tous les 6 mois conform\u00e9ment \u00e0 l\u2019ordonnance n\u00b02014-947 du 20 ao\u00fbt 2014.<\/span><span style=\"font-weight: 400;\">Cette p\u00e9nalit\u00e9 est calcul\u00e9e sur le montant HT de la somme restant due, et court \u00e0 compter de la date d&rsquo;\u00e9ch\u00e9ance du prix sans qu&rsquo;aucune mise en demeure pr\u00e9alable ne soit n\u00e9cessaire.<\/span><span style=\"font-weight: 400;\">En sus des indemnit\u00e9s de retard, toute somme, y compris l\u2019acompte, non pay\u00e9e \u00e0 sa date d&rsquo;exigibilit\u00e9, produira de plein droit le paiement d\u2019une indemnit\u00e9 forfaitaire de 40 euros due au titre des frais de recouvrement, conform\u00e9ment \u00e0 aux articles 441-6, I alin\u00e9a 12 et D. 441-5 du Code de commerce.<\/span><\/p>\n\n\n\n<h5 class=\"wp-block-heading\"><b>Article 7 : Clause r\u00e9solutoire<\/b><\/h5>\n\n\n\n<p><span style=\"font-weight: 400;\">Si dans les trente jours qui suivent la mise en \u0153uvre de la clause \u00a0\u00bb Retard de paiement \u00ab\u00a0, l&rsquo;acheteur ne s&rsquo;est pas acquitt\u00e9 des sommes restant dues, la vente sera r\u00e9solue de plein droit et pourra ouvrir droit \u00e0 l&rsquo;allocation de dommages et int\u00e9r\u00eats au profit de Novastan<\/span><span style=\"font-weight: 400;\">.<\/span><\/p>\n\n\n\n<h5 class=\"wp-block-heading\"><b>Article 8 : Clause de r\u00e9serve de propri\u00e9t\u00e9<\/b><\/h5>\n\n\n\n<p><span style=\"font-weight: 400;\">Novastan conserve la propri\u00e9t\u00e9 des prestations vendues jusqu&rsquo;au paiement int\u00e9gral du prix, en principal et en accessoires. \u00c0 ce titre, si l&rsquo;acheteur fait l&rsquo;objet d&rsquo;un redressement ou d&rsquo;une liquidation judiciaire, Novastan se r\u00e9serve le droit de revendiquer, dans le cadre de la proc\u00e9dure collective, les prestations de services vendues et rest\u00e9es impay\u00e9es.<\/span><\/p>\n\n\n\n<h5 class=\"wp-block-heading\"><b>Article 9 : Livraison<\/b><\/h5>\n\n\n\n<p><span style=\"font-weight: 400;\">L&rsquo;ex\u00e9cution de la prestation de service s&rsquo;effectue <\/span><span style=\"font-weight: 400;\">\u00e0 compter du jour ouvrable suivant la conclusion du contrat.<\/span><\/p>\n\n\n\n<h5 class=\"wp-block-heading\"><b>Article 10 : Droit de r\u00e9tractation<\/b><\/h5>\n\n\n\n<p><span style=\"font-weight: 400;\">Conform\u00e9ment aux dispositions de l\u2019article L 221-5 du Code de la consommation, le client dispose du droit de se r\u00e9tracter sans donner de motif, dans un d\u00e9lai de quatorze (14) jours \u00e0 la date de r\u00e9ception de sa commande. Le droit de r\u00e9tractation peut \u00eatre exerc\u00e9 en contactant Novastan par mail \u00e0 novastan.france<\/span><span style=\"font-weight: 400;\">[at]novastan.org<\/span><span style=\"font-weight: 400;\">.<\/span><span style=\"font-weight: 400;\">Nous informons les clients que conform\u00e9ment aux dispositions des articles L. 221-18 \u00e0 L. 221-28 du Code de la consommation, ce droit de r\u00e9tractation ne peut \u00eatre exerc\u00e9 pour l\u2019ex\u00e9cution d\u2019un service achev\u00e9e avant la fin du d\u00e9lai de 14 jours calendaires.<\/span><\/p>\n\n\n\n<h5 class=\"wp-block-heading\"><b>Article 11 : Force majeure<\/b><\/h5>\n\n\n\n<p><span style=\"font-weight: 400;\">La responsabilit\u00e9 de Novastan ne pourra pas \u00eatre mise en \u0153uvre si la non-ex\u00e9cution ou le retard dans l&rsquo;ex\u00e9cution de l&rsquo;une de ses obligations d\u00e9crites dans les pr\u00e9sentes conditions g\u00e9n\u00e9rales de vente d\u00e9coule d&rsquo;un cas de force majeure. \u00c0 ce titre, la force majeure s&rsquo;entend de tout \u00e9v\u00e9nement ext\u00e9rieur, impr\u00e9visible et irr\u00e9sistible au sens de l&rsquo;article 1218 du Code civil.<\/span><\/p>\n\n\n\n<h5 class=\"wp-block-heading\"><strong>Article 12 : Propri\u00e9t\u00e9 intellectuelle&nbsp;<\/strong><\/h5>\n\n\n\n<p><span style=\"font-weight: 400;\">Le contenu du site Novastan est la propri\u00e9t\u00e9 de Novastan et est prot\u00e9g\u00e9 par les lois fran\u00e7aises et internationales relatives \u00e0 la propri\u00e9t\u00e9 intellectuelle. Toute reproduction totale ou partielle de ce contenu est strictement interdite et est susceptible de constituer un d\u00e9lit de contrefa\u00e7on.&nbsp;<\/span><\/p>\n\n\n\n<h5 class=\"wp-block-heading\"><strong>Article 13 : Litiges<\/strong><\/h5>\n\n\n\n<p><span style=\"font-weight: 400;\">Tout litige relatif \u00e0 l&rsquo;interpr\u00e9tation et \u00e0 l&rsquo;ex\u00e9cution des pr\u00e9sentes conditions g\u00e9n\u00e9rales de vente est soumis au droit fran\u00e7ais.<\/span><span style=\"font-weight: 400;\">\u00c0 d\u00e9faut de r\u00e9solution amiable, le litige sera port\u00e9 devant le Tribunal de commerce de Paris.<\/span><\/p>\n","protected":false},"excerpt":{"rendered":"<p>Conditions g\u00e9n\u00e9rales de vente En vigueur au 31 d\u00e9cembre 2021. Article 1 : Champ d\u2019application Les conditions g\u00e9n\u00e9rales de vente d\u00e9crites ci-apr\u00e8s d\u00e9taillent les droits et obligations de Novastan France et de son client dans le cadre de :&nbsp; Toute prestation accomplie par Novastan France implique donc l&rsquo;adh\u00e9sion sans r\u00e9serve de l&rsquo;acheteur aux pr\u00e9sentes conditions [&hellip;]<\/p>\n","protected":false},"author":108,"featured_media":0,"parent":0,"menu_order":0,"comment_status":"closed","ping_status":"closed","template":"","meta":{"_acf_changed":false,"footnotes":""},"coauthors":[108],"class_list":["post-53398","page","type-page","status-publish","hentry"],"acf":[],"_links":{"self":[{"href":"https:\/\/novastan.org\/fr\/wp-json\/wp\/v2\/pages\/53398","targetHints":{"allow":["GET"]}}],"collection":[{"href":"https:\/\/novastan.org\/fr\/wp-json\/wp\/v2\/pages"}],"about":[{"href":"https:\/\/novastan.org\/fr\/wp-json\/wp\/v2\/types\/page"}],"author":[{"embeddable":true,"href":"https:\/\/novastan.org\/fr\/wp-json\/wp\/v2\/users\/108"}],"replies":[{"embeddable":true,"href":"https:\/\/novastan.org\/fr\/wp-json\/wp\/v2\/comments?post=53398"}],"version-history":[{"count":0,"href":"https:\/\/novastan.org\/fr\/wp-json\/wp\/v2\/pages\/53398\/revisions"}],"wp:attachment":[{"href":"https:\/\/novastan.org\/fr\/wp-json\/wp\/v2\/media?parent=53398"}],"wp:term":[{"taxonomy":"author","embeddable":true,"href":"https:\/\/novastan.org\/fr\/wp-json\/wp\/v2\/coauthors?post=53398"}],"curies":[{"name":"wp","href":"https:\/\/api.w.org\/{rel}","templated":true}]}}