{"id":53394,"date":"2022-02-22T10:59:42","date_gmt":"2022-02-22T09:59:42","guid":{"rendered":"https:\/\/novastan.org\/fr\/?page_id=53394"},"modified":"2023-03-30T10:37:50","modified_gmt":"2023-03-30T08:37:50","slug":"conditions-generales-dutilisation","status":"publish","type":"page","link":"https:\/\/novastan.org\/fr\/conditions-generales-dutilisation\/","title":{"rendered":"Conditions g\u00e9n\u00e9rales d&rsquo;utilisation"},"content":{"rendered":"\n<h2 class=\"wp-block-heading\">Conditions g\u00e9n\u00e9rales d&rsquo;utilisation de Novastan France<\/h2>\n\n\n\n<p><span style=\"font-weight: 400;\">Les pr\u00e9sentes conditions g\u00e9n\u00e9rales r\u00e9gissent l\u2019utilisation de ce site <\/span><i><span style=\"font-weight: 400;\">https:\/\/novastan.org\/fr\/<\/span><\/i><span style=\"font-weight: 400;\">.<\/span><span style=\"font-weight: 400;\">Ce site appartient et est g\u00e9r\u00e9 par Novastan France<\/span><span style=\"font-weight: 400;\">En utilisant ce site, vous indiquez que vous avez lu et compris les conditions d\u2019utilisation et que vous acceptez de les respecter en tout temps.<\/span><i><span style=\"font-weight: 400;\">En vigueur au 31 d\u00e9cembre 2021.<\/span><\/i><span style=\"font-weight: 400;\">Les pr\u00e9sentes conditions g\u00e9n\u00e9rales d&rsquo;utilisation (dites \u00ab CGU \u00bb) ont pour objet l&rsquo;encadrement juridique des modalit\u00e9s de mise \u00e0 disposition du site et des services par Novastan et de d\u00e9finir les conditions d\u2019acc\u00e8s et d\u2019utilisation des services par \u00ab l&rsquo;Utilisateur \u00bb. Les pr\u00e9sentes CGU sont accessibles sur le site \u00e0 la rubrique \u00abCGU\u00bb.&nbsp;<\/span><span style=\"font-weight: 400;\">Les CGU doivent \u00eatre accept\u00e9es par tout Utilisateur souhaitant acc\u00e9der au site. Elles constituent le contrat entre le site et l&rsquo;Utilisateur. L\u2019acc\u00e8s au site par l\u2019Utilisateur signifie son acceptation des pr\u00e9sentes CGU.D\u00e8s lors, ce dernier s\u2019engage \u00e0 respecter les pr\u00e9sentes conditions.&nbsp;<\/span><span style=\"font-weight: 400;\">Toute inscription ou utilisation du site implique l&rsquo;acceptation sans aucune r\u00e9serve ni restriction des pr\u00e9sentes CGU par l\u2019utilisateur. Lors de l&rsquo;inscription sur le site via le Formulaire d\u2019inscription, chaque utilisateur accepte express\u00e9ment les pr\u00e9sentes CGU en cochant la case pr\u00e9c\u00e9dant le texte suivant : \u00ab Je reconnais avoir lu et compris les CGU et je les accepte \u00bb. En cas de non-acceptation des CGU stipul\u00e9es dans le pr\u00e9sent contrat, l&rsquo;Utilisateur se doit de renoncer \u00e0 l&rsquo;acc\u00e8s des services propos\u00e9s par le site. Novastan se r\u00e9serve le droit de modifier unilat\u00e9ralement et \u00e0 tout moment le contenu des pr\u00e9sentes CGU Il est par cons\u00e9quent n\u00e9cessaire que les CGU soient relues et accept\u00e9es avant chaque action sur le Site. Ces modifications sont opposables \u00e0 tout Utilisateur \u00e0 compter de leurs mises en ligne et ne peuvent s\u2019appliquer aux actions r\u00e9alis\u00e9es ant\u00e9rieurement.&nbsp;<\/span><\/p>\n\n\n\n<h5 class=\"wp-block-heading\"><b>Article 1 : Mentions l\u00e9gales<\/b><span style=\"font-weight: 400;\">&nbsp;<\/span><\/h5>\n\n\n\n<p><span style=\"font-weight: 400;\">L&rsquo;\u00e9dition du site Novastan est assur\u00e9e par l\u2019association Novastan France, inscrite au Siret sous le num\u00e9ro 833 376 635 00029 dont le si\u00e8ge social est situ\u00e9 au 8, rue du g\u00e9n\u00e9ral Renault, 75011 Paris, France. Son mail de contact est <\/span><span style=\"font-weight: 400;\">novastan.france[at]novastan.org<\/span><span style=\"font-weight: 400;\">&nbsp;<\/span><span style=\"font-weight: 400;\">Le Directeur de la publication est Etienne Combier.<\/span><span style=\"font-weight: 400;\">L&rsquo;h\u00e9bergeur du site est JmSil Communication, situ\u00e9 au 49 rue Robespierre N\u00b04, 33400 Talence, France, 0674812104.<\/span><\/p>\n\n\n\n<h5 class=\"wp-block-heading\"><b>Article 2 : Acc\u00e8s au site&nbsp;<\/b><\/h5>\n\n\n\n<p><span style=\"font-weight: 400;\">Le site Novastan permet \u00e0 l&rsquo;Utilisateur un acc\u00e8s aux articles publi\u00e9s par Novastan.&nbsp;<\/span><span style=\"font-weight: 400;\">Le site est accessible gratuitement en tout lieu \u00e0 tout Utilisateur ayant un acc\u00e8s \u00e0 Internet. Tous les frais support\u00e9s par l&rsquo;Utilisateur pour acc\u00e9der au service (mat\u00e9riel informatique, logiciels, connexion Internet, etc.) sont \u00e0 sa charge.&nbsp;<\/span><span style=\"font-weight: 400;\">L\u2019Utilisateur non abonn\u00e9 n&rsquo;a pas acc\u00e8s \u00e0 la totalit\u00e9 des services r\u00e9serv\u00e9s. Pour cela, il doit souscrire \u00e0 l\u2019abonnement de Novastan. En acceptant de s\u2019inscrire aux services r\u00e9serv\u00e9s, l\u2019Utilisateur abonn\u00e9 s&rsquo;engage \u00e0 fournir des informations sinc\u00e8res et exactes concernant son \u00e9tat civil et ses coordonn\u00e9es, notamment son adresse email.&nbsp;<\/span><span style=\"font-weight: 400;\">L\u2019Utilisateur est responsable de la mise \u00e0 jour des informations fournies. Il lui est pr\u00e9cis\u00e9 qu\u2019il peut les modifier en se connectant \u00e0 son espace membre.&nbsp;<\/span><span style=\"font-weight: 400;\">Pour acc\u00e9der aux services, l\u2019Utilisateur devra s&rsquo;identifier \u00e0 l&rsquo;aide de son nom d\u2019utilisateur et de son mot de passe qui lui seront communiqu\u00e9s apr\u00e8s son inscription et qui sont strictement personnels.&nbsp;<\/span><span style=\"font-weight: 400;\">L\u2019Utilisateur pourra \u00e9galement solliciter sa d\u00e9sinscription en se rendant \u00e0 la page d\u00e9di\u00e9e sur son espace personnel ou envoyant un email \u00e0 : novastan.france@novastan.org. Celle-ci sera effective dans un d\u00e9lai raisonnable.<\/span><span style=\"font-weight: 400;\">En cas de non-respect des conditions g\u00e9n\u00e9rales d\u2019utilisation, Novastan se r\u00e9serve le droit de suspendre et de fermer le compte d\u2019un Utilisateur. Une mise en demeure sera adress\u00e9e par voie \u00e9lectronique, l\u2019utilisateur disposera d\u2019un d\u00e9lai de 10 jours ouvrables pour y r\u00e9pondre. A d\u00e9faut de r\u00e9ponse dans le d\u00e9lai mentionn\u00e9, la suspension ou la suppression prendra effet.<\/span><span style=\"font-weight: 400;\">Toute suppression de compte, quel qu\u2019en soit le motif, engendre la suppression pure et simple de toutes informations personnelles de l\u2019Utilisateur.<\/span><span style=\"font-weight: 400;\">Tout \u00e9v\u00e9nement d\u00fb \u00e0 un cas de force majeure ayant pour cons\u00e9quence un dysfonctionnement du site ou serveur et sous r\u00e9serve de toute interruption ou modification en cas de maintenance, n&rsquo;engage pas la responsabilit\u00e9 de Novastan. Dans ces cas, l\u2019Utilisateur accepte ainsi ne pas tenir rigueur \u00e0 l\u2019\u00e9diteur de toute interruption ou suspension de service, m\u00eame sans pr\u00e9avis.&nbsp;<\/span><span style=\"font-weight: 400;\">L&rsquo;Utilisateur a la possibilit\u00e9 de contacter le site par messagerie \u00e9lectronique \u00e0 l\u2019adresse email de l\u2019\u00e9diteur communiqu\u00e9 \u00e0 l\u2019article 1.&nbsp;<\/span><\/p>\n\n\n\n<h5 class=\"wp-block-heading\"><b>Article 3 : Donn\u00e9es personnelles&nbsp;<\/b><\/h5>\n\n\n\n<p><span style=\"font-weight: 400;\">Le site assure \u00e0 l&rsquo;Utilisateur une collecte et un traitement d&rsquo;informations personnelles dans le respect de la vie priv\u00e9e conform\u00e9ment \u00e0 la loi n\u00b078-17 du 6 janvier 1978 relative \u00e0 l&rsquo;informatique, aux fichiers et aux libert\u00e9s ainsi qu\u2019au R\u00e8glement G\u00e9n\u00e9ral de Protection des Donn\u00e9es (RGPD).&nbsp;<\/span><span style=\"font-weight: 400;\">En vertu de la loi Informatique et Libert\u00e9s, en date du 6 janvier 1978, l&rsquo;Utilisateur dispose d&rsquo;un droit d&rsquo;acc\u00e8s, de rectification, de suppression et d&rsquo;opposition de ses donn\u00e9es personnelles. L&rsquo;Utilisateur exerce ce droit :&nbsp;<\/span><\/p>\n\n\n\n<ul class=\"wp-block-list\">\n<li><span style=\"font-weight: 400;\">par mail \u00e0 novastan.france[at]novastan.org<\/span><\/li>\n<\/ul>\n\n\n\n<h5 class=\"wp-block-heading\"><b>Article 4 : Propri\u00e9t\u00e9 intellectuelle&nbsp;<\/b><\/h5>\n\n\n\n<p><span style=\"font-weight: 400;\">Tout contenu publi\u00e9 et mis \u00e0 disposition sur ce site est la propri\u00e9t\u00e9 de Novastan France.Cela comprend les textes, logos, documents, fichiers t\u00e9l\u00e9chargeables et tout ce qui contribue \u00e0 la composition de ce site. Cela comprend \u00e9galement les images ayant pour cr\u00e9dit d\u2019utilisation \u201cNovastan\u201d ou \u201cNovastan France\u201d. Les autres images sont cr\u00e9dit\u00e9es aupr\u00e8s de leurs auteurs respectifs.<\/span><span style=\"font-weight: 400;\">L&rsquo;Utilisateur doit solliciter l&rsquo;autorisation pr\u00e9alable du site pour toute reproduction, publication, copie des diff\u00e9rents contenus. Il s&rsquo;engage \u00e0 une utilisation des contenus du site dans un cadre strictement priv\u00e9, toute utilisation \u00e0 des fins commerciales et\/ou publicitaires est strictement interdite.&nbsp;<\/span><span style=\"font-weight: 400;\">Toute repr\u00e9sentation totale ou partielle de ce site par quelque proc\u00e9d\u00e9 et sur quelque support (papier, num\u00e9rique,\u2026) que ce soit, sans l\u2019autorisation expresse de l\u2019exploitant du site Internet constituerait une contrefa\u00e7on sanctionn\u00e9e par l\u2019article L 335-2 et suivants du Code de la propri\u00e9t\u00e9 intellectuelle.&nbsp;<\/span><span style=\"font-weight: 400;\">Il est rappel\u00e9 conform\u00e9ment \u00e0 l\u2019article L122-5 du Code de propri\u00e9t\u00e9 intellectuelle que l\u2019Utilisateur qui reproduit, copie ou publie une partie raisonnable du contenu prot\u00e9g\u00e9 doit citer l\u2019auteur et sa source.<\/span><\/p>\n\n\n\n<h5 class=\"wp-block-heading\"><b>Article 5 : Responsabilit\u00e9&nbsp;<\/b><\/h5>\n\n\n\n<p><span style=\"font-weight: 400;\">Les sources des informations diffus\u00e9es sur le site Novastan sont r\u00e9put\u00e9es fiables mais le site ne garantit pas qu\u2019il soit exempt de d\u00e9fauts, d\u2019erreurs ou d\u2019omissions.&nbsp;<\/span><span style=\"font-weight: 400;\">Les informations communiqu\u00e9es sont pr\u00e9sent\u00e9es \u00e0 titre indicatif et g\u00e9n\u00e9ral sans valeur contractuelle. Malgr\u00e9 des mises \u00e0 jour r\u00e9guli\u00e8res, le site Novastan ne peut \u00eatre tenu responsable de la modification des dispositions administratives et juridiques survenant apr\u00e8s la publication. De m\u00eame, le site ne peut \u00eatre tenu responsable de l\u2019utilisation et de l\u2019interpr\u00e9tation de l\u2019information contenue dans ce site.&nbsp;<\/span><span style=\"font-weight: 400;\">L&rsquo;Utilisateur s&rsquo;assure de garder son mot de passe secret. Toute divulgation du mot de passe, quelle que soit sa forme, est interdite. Il assume les risques li\u00e9s \u00e0 l&rsquo;utilisation de son identifiant et mot de passe. Le site d\u00e9cline toute responsabilit\u00e9.&nbsp;<\/span><span style=\"font-weight: 400;\">Le site Novastan ne peut \u00eatre tenu pour responsable d\u2019\u00e9ventuels virus qui pourraient infecter l\u2019ordinateur ou tout mat\u00e9riel informatique de l\u2019Internaute, suite \u00e0 une utilisation, \u00e0 l\u2019acc\u00e8s, ou au t\u00e9l\u00e9chargement provenant de ce site.&nbsp;<\/span><span style=\"font-weight: 400;\">La responsabilit\u00e9 du site ne peut \u00eatre engag\u00e9e en cas de force majeure ou du fait impr\u00e9visible et insurmontable d&rsquo;un tiers.&nbsp;<\/span><\/p>\n\n\n\n<h5 class=\"wp-block-heading\"><b>Article 6 : Liens hypertextes&nbsp;<\/b><\/h5>\n\n\n\n<p><span style=\"font-weight: 400;\">Des liens hypertextes peuvent \u00eatre pr\u00e9sents sur le site. L\u2019Utilisateur est inform\u00e9 qu\u2019en cliquant sur ces liens, il sortira du site Novastan. Ce dernier n\u2019a pas de contr\u00f4le sur les pages web sur lesquelles aboutissent ces liens et ne saurait, en aucun cas, \u00eatre responsable de leur contenu.&nbsp;<\/span><\/p>\n\n\n\n<h5 class=\"wp-block-heading\"><b>Article 7 : Cookies&nbsp;<\/b><\/h5>\n\n\n\n<p><span style=\"font-weight: 400;\">L\u2019Utilisateur est inform\u00e9 que lors de ses visites sur le site, un cookie peut s\u2019installer automatiquement sur son logiciel de navigation.&nbsp;<\/span><\/p>\n\n\n\n<h5 class=\"wp-block-heading\"><b>7.1 Cookies techniques ou fonctionnels<\/b><\/h5>\n\n\n\n<p><span style=\"font-weight: 400;\">Certains cookies assurent le fonctionnement correct de certaines parties du site web et la prise en compte de vos pr\u00e9f\u00e9rences en tant qu\u2019utilisateur. En pla\u00e7ant des cookies fonctionnels, nous vous facilitons la visite de notre site web. Ainsi, vous n\u2019avez pas besoin de saisir \u00e0 plusieurs reprises les m\u00eames informations lors de la visite de notre site web et, par exemple, les \u00e9l\u00e9ments restent dans votre panier jusqu\u2019\u00e0 votre paiement. Nous pouvons placer ces cookies sans votre consentement.<\/span><\/p>\n\n\n\n<h5 class=\"wp-block-heading\"><b>7.2 Cookies analytiques<\/b><\/h5>\n\n\n\n<p><span style=\"font-weight: 400;\">Nous utilisons des cookies analytiques afin d\u2019optimiser l\u2019exp\u00e9rience des utilisateurs sur notre site web. Avec ces cookies analytiques, nous obtenons des informations sur l\u2019utilisation de notre site web. Nous demandons votre permission pour placer des cookies analytiques.<\/span><\/p>\n\n\n\n<h5 class=\"wp-block-heading\"><b>7.3 Cookies de marketing\/suivi<\/b><\/h5>\n\n\n\n<p><span style=\"font-weight: 400;\">Les cookies de marketing\/suivi sont des cookies ou toute autre forme de stockage local, utilis\u00e9s pour cr\u00e9er des profils d\u2019utilisateurs afin d\u2019afficher de la publicit\u00e9 ou de suivre l\u2019utilisateur sur ce site web ou sur plusieurs sites web \u00e0 des fins de marketing similaires.<\/span><\/p>\n\n\n\n<h5 class=\"wp-block-heading\"><b>7.4 Boutons de r\u00e9seaux sociaux<\/b><\/h5>\n\n\n\n<p><span style=\"font-weight: 400;\">Nous avons inclus sur notre site web des boutons pour que les Facebook, Twitter, LinkedIn et Instagram puissent promouvoir des pages web (par ex. \u00ab J\u2019aime \u00bb, \u00ab Enregistrer \u00bb) ou partager (par ex. \u00ab Tweeter \u00bb) sur des r\u00e9seaux sociaux tels que Facebook, Twitter, LinkedIn et Instagram. Ces boutons fonctionnent avec des morceaux de code provenant des Facebook, Twitter, LinkedIn et Instagram eux-m\u00eames. Ce code place des cookies. Ces boutons de r\u00e9seaux sociaux peuvent \u00e9galement stocker et traiter certaines informations afin de vous montrer des publicit\u00e9s personnalis\u00e9es.<\/span><span style=\"font-weight: 400;\">Veuillez lire la d\u00e9claration de confidentialit\u00e9 de ces r\u00e9seaux sociaux (qui peut \u00eatre modifi\u00e9e r\u00e9guli\u00e8rement) afin de savoir ce qu\u2019ils font de vos donn\u00e9es (personnelles) trait\u00e9es en utilisant ces cookies. Les donn\u00e9es r\u00e9cup\u00e9r\u00e9es sont anonymis\u00e9es autant que possible. Facebook, Twitter, LinkedIn et Instagram se trouvent aux \u00c9tats-Unis.<\/span><\/p>\n\n\n\n<h5 class=\"wp-block-heading\"><b>Article 8 : Utilisation acceptable<\/b><\/h5>\n\n\n\n<p><span style=\"font-weight: 400;\">En tant qu\u2019utilisateur, vous acceptez d\u2019utiliser notre site l\u00e9galement et de ne pas utiliser ce site pour des fins illicites, \u00e0 savoir :<\/span><\/p>\n\n\n\n<ul class=\"wp-block-list\">\n<li><span style=\"font-weight: 400;\">L&rsquo;abonnement personnel est \u00e0 titre individuel, il ne peut donc \u00eatre utilis\u00e9 que par un seul Utilisateur.<\/span><\/li>\n\n\n\n<li><span style=\"font-weight: 400;\">Si un Utilisateur souscrit \u00e0 un abonnement par licence, les termes de l\u2019accord entre Novastan et l\u2019Utilisateurs s\u2019appliquent.<\/span><\/li>\n<\/ul>\n\n\n\n<p><span style=\"font-weight: 400;\">Si nous estimons que vous utilisez ce site ill\u00e9galement ou d\u2019une mani\u00e8re qui viole les conditions d\u2019utilisations acceptables ci-dessus, nous nous r\u00e9servons le droit de r\u00e9gulariserle tarif de l\u2019abonnement en passant sur la grille tarifaire de l\u2019abonnement collectif (fonction du nombre de personnes utilisant le compte).&nbsp;<\/span><\/p>\n\n\n\n<h5 class=\"wp-block-heading\"><strong>Article 9 : Droit applicable et juridiction comp\u00e9tente&nbsp;<\/strong><\/h5>\n\n\n\n<p><span style=\"font-weight: 400;\">La l\u00e9gislation fran\u00e7aise s&rsquo;applique au pr\u00e9sent contrat. En cas d&rsquo;absence de r\u00e9solution amiable d&rsquo;un litige n\u00e9 entre les parties, les tribunaux fran\u00e7ais seront les seuls comp\u00e9tents.<\/span><span style=\"font-weight: 400;\">Les contrats de licence r\u00e9gissant votre utilisation d\u2019\u00e9l\u00e9ments tiers sur le site peuvent contenir des dispositions exigeant l\u2019intervention de tribunaux \u00e9trangers pour la r\u00e9solution de litiges li\u00e9s \u00e0 ces contrats. Lorsque vous recevez des informations provenant d\u2019un tiers, un logo ou une autre indication appara\u00eet pour vous permettre d\u2019identifier celui-ci.<\/span><span style=\"font-weight: 400;\">Pour toute question relative \u00e0 l\u2019application des pr\u00e9sentes CGU, vous pouvez joindre l\u2019\u00e9diteur aux coordonn\u00e9es inscrites \u00e0 l\u2019article 1.&nbsp;<\/span><\/p>\n","protected":false},"excerpt":{"rendered":"<p>Conditions g\u00e9n\u00e9rales d&rsquo;utilisation de Novastan France Les pr\u00e9sentes conditions g\u00e9n\u00e9rales r\u00e9gissent l\u2019utilisation de ce site https:\/\/novastan.org\/fr\/.Ce site appartient et est g\u00e9r\u00e9 par Novastan FranceEn utilisant ce site, vous indiquez que vous avez lu et compris les conditions d\u2019utilisation et que vous acceptez de les respecter en tout temps.En vigueur au 31 d\u00e9cembre 2021.Les pr\u00e9sentes conditions [&hellip;]<\/p>\n","protected":false},"author":108,"featured_media":0,"parent":0,"menu_order":0,"comment_status":"closed","ping_status":"closed","template":"","meta":{"_acf_changed":false,"footnotes":""},"coauthors":[108],"class_list":["post-53394","page","type-page","status-publish","hentry"],"acf":[],"_links":{"self":[{"href":"https:\/\/novastan.org\/fr\/wp-json\/wp\/v2\/pages\/53394","targetHints":{"allow":["GET"]}}],"collection":[{"href":"https:\/\/novastan.org\/fr\/wp-json\/wp\/v2\/pages"}],"about":[{"href":"https:\/\/novastan.org\/fr\/wp-json\/wp\/v2\/types\/page"}],"author":[{"embeddable":true,"href":"https:\/\/novastan.org\/fr\/wp-json\/wp\/v2\/users\/108"}],"replies":[{"embeddable":true,"href":"https:\/\/novastan.org\/fr\/wp-json\/wp\/v2\/comments?post=53394"}],"version-history":[{"count":0,"href":"https:\/\/novastan.org\/fr\/wp-json\/wp\/v2\/pages\/53394\/revisions"}],"wp:attachment":[{"href":"https:\/\/novastan.org\/fr\/wp-json\/wp\/v2\/media?parent=53394"}],"wp:term":[{"taxonomy":"author","embeddable":true,"href":"https:\/\/novastan.org\/fr\/wp-json\/wp\/v2\/coauthors?post=53394"}],"curies":[{"name":"wp","href":"https:\/\/api.w.org\/{rel}","templated":true}]}}