{"id":34491,"date":"2020-08-03T15:09:50","date_gmt":"2020-08-03T13:09:50","guid":{"rendered":"https:\/\/novastan.org\/fr\/sinscrire\/"},"modified":"2023-03-30T10:37:50","modified_gmt":"2023-03-30T08:37:50","slug":"sabonner","status":"publish","type":"page","link":"https:\/\/novastan.org\/fr\/sabonner\/","title":{"rendered":"S&rsquo;abonner \u00e0 Novastan"},"content":{"rendered":"\n<p>Cher lecteur, ch\u00e8re lectrice,<\/p>\n\n\n\n<p>Merci d&rsquo;\u00eatre l\u00e0 ! Sur cette page, vous pouvez vous abonner \u00e0 la version fran\u00e7aise de Novastan pour le temps et le tarif que vous souhaitez. <\/p>\n\n\n\n<p>Avec cet abonnement, vous : <\/p>\n\n\n\n<ul class=\"wp-block-list\"><li>avez acc\u00e8s \u00e0 l&rsquo;ensemble des contenus de notre site<\/li><li>recevez chaque mercredi matin dans votre bo\u00eete mail notre d\u00e9cryptage hebdomadaire<\/li><li>\u00eates inform\u00e9-e-s de nos \u00e9v\u00e8nements, physiques et virtuels<\/li><li>contribuez \u00e0 renforcer notre ind\u00e9pendance<\/li><\/ul>\n\n\n\n<p>Selon votre situation, vous avez le choix entre deux tarifs d&rsquo;abonnement : un tarif plein <strong>\u00e0 6 euros par mois<\/strong>, et un tarif r\u00e9duit <strong>\u00e0 3 euros par mois<\/strong>, destin\u00e9 aux \u00e9tudiant-e-s et aux ch\u00f4meur-euse-s. Si vous vous abonnez \u00e0 l&rsquo;ann\u00e9e, vous b\u00e9n\u00e9ficiez d&rsquo;une r\u00e9duction de 30 %. <\/p>\n\n\n\n<p>Notre abonnement est <strong>sans engagement. <\/strong>A tout moment, que votre abonnement soit mensuel ou annuel, vous pouvez <strong>vous d\u00e9sabonner<\/strong> sans frais.  <\/p>\n\n\n\n<p><em><strong>Vous repr\u00e9sentez une entreprise, une institution ou une universit\u00e9 ? Nous vous proposons un compte individuel ou en licence pour du multicompte. Avant de vous engager, vous pouvez b\u00e9n\u00e9ficier d&rsquo;un mois d&rsquo;essai gratuit ! Si cela vous int\u00e9resse, envoyez-nous un mail \u00e0 marketing[at]novastan.org.<\/strong><\/em><\/p>\n\n\n\n<p>Une question, un probl\u00e8me ? Envoyez-nous un mail \u00e0 novastan.france[at]novastan.org.<\/p>\n\n\n\n<p><em>Le paiement s&rsquo;effectue par carte bancaire et en lien avec Stripe, plateforme Internet s\u00e9curis\u00e9e sp\u00e9cialis\u00e9e sur le paiement en ligne.<\/em><\/p>\n\n\n\n<h3 class=\"rcp_header\">\n\tEnregistrer un nouveau compte<\/h3>\n\n\n<form id=\"rcp_registration_form\" class=\"rcp_form\" method=\"POST\" action=\"https:\/\/novastan.org\/fr\/wp-json\/wp\/v2\/pages\/34491\/\">\n\n\t\n\t\t\t<div class=\"rcp_login_link\">\n\t\t\t<p><a href=\"https:\/\/novastan.org\/fr\/wp-login.php?redirect_to=https%3A%2F%2Fnovastan.org%2Ffr%2Fwp-json%2Fwp%2Fv2%2Fpages%2F34491%2F\">Connectez-vous<\/a> pour renouveler ou modifier un abonnement existant.<\/p>\n\t\t<\/div>\n\n\t\t\n\t\t<fieldset class=\"rcp_user_fieldset\">\n\t\t\t<p id=\"rcp_user_login_wrap\">\n\t\t\t\t<label for=\"rcp_user_login\">Nom utilisateur<\/label>\n\t\t\t\t<input name=\"rcp_user_login\" id=\"rcp_user_login\" class=\"required\" type=\"text\" \/>\n\t\t\t<\/p>\n\t\t\t<p id=\"rcp_user_email_wrap\">\n\t\t\t\t<label for=\"rcp_user_email\">E-mail<\/label>\n\t\t\t\t<input name=\"rcp_user_email\" id=\"rcp_user_email\" class=\"required\" type=\"text\" \/>\n\t\t\t<\/p>\n\t\t\t<p id=\"rcp_user_first_wrap\" class=\"inline\">\n\t\t\t\t<label for=\"rcp_user_first\">Pr\u00e9nom<\/label>\n\t\t\t\t<input name=\"rcp_user_first\" id=\"rcp_user_first\" type=\"text\" \/>\n\t\t\t<\/p>\n\t\t\t<p id=\"rcp_user_last_wrap\" class=\"inline-block\">\n\t\t\t\t<label for=\"rcp_user_last\">Nom<\/label>\n\t\t\t\t<input name=\"rcp_user_last\" id=\"rcp_user_last\" type=\"text\" \/>\n\t\t\t<\/p>\n\t\t\t<p id=\"rcp_password_wrap\" class=\"inline\">\n\t\t\t\t<label for=\"rcp_password\">Mot de passe<\/label>\n\t\t\t\t<input name=\"rcp_user_pass\" id=\"rcp_password\" class=\"required\" type=\"password\"\/>\n\t\t\t<\/p>\n\t\t\t<p id=\"rcp_password_again_wrap\" class=\"inline-block\">\n\t\t\t\t<label for=\"rcp_password_again\">Mot de passe \u00e0 nouveau<\/label>\n\t\t\t\t<input name=\"rcp_user_pass_confirm\" id=\"rcp_password_again\" class=\"required\" type=\"password\"\/>\n\t\t\t<\/p>\n\n\t\t\t\n\t\t<\/fieldset>\n\t\n\t\n\t\t\t\t<fieldset class=\"rcp_subscription_fieldset\">\n\t\t\t\t\t\t\t\t\t<p class=\"rcp_subscription_message\">Choisissez votre niveau d'adh\u00e9sion<\/p>\n\t\t\t\t\t\t<ul id=\"rcp_subscription_levels\">\n\t\t\t\t\t\t\t\t\t\t\t\t\t\t<li class=\"rcp_subscription_level rcp_subscription_level_11\">\n\t\t\t\t\t\t<input type=\"radio\" id=\"rcp_subscription_level_11\" class=\"required rcp_level\" checked=\"checked\" name=\"rcp_level\" rel=\"1\" value=\"11\" \/>\n\t\t\t\t\t\t<label for=\"rcp_subscription_level_11\">\n\t\t\t\t\t\t\t<span class=\"rcp_subscription_level_name\">Offre d&#039;essai<\/span><span class=\"rcp_separator\">&nbsp;-&nbsp;<\/span><span class=\"rcp_price\" rel=\"1\">1,00&#8364;<\/span><span class=\"rcp_separator\">&nbsp;-&nbsp;<\/span>\n\t\t\t\t\t\t\t<span class=\"rcp_level_duration\">1&nbsp;Mois<\/span>\n\t\t\t\t\t\t\t\t\t\t\t\t\t\t\t<span class=\"rcp_separator\">&nbsp;-&nbsp;<\/span>\n\t\t\t\t\t\t\t\t<span class=\"rcp_level_bill_times\">Total des paiements (2)<\/span>\n\t\t\t\t\t\t\t\t\t\t\t\t\t\t<div class=\"rcp_level_description\"> Un mois d'abonnement pour 1 euro !<\/div>\n\t\t\t\t\t\t<\/label>\n\t\t\t\t\t<\/li>\n\t\t\t\t\t\t\t\t\t\t\t\t\t\t\t\t\t\t\t<li class=\"rcp_subscription_level rcp_subscription_level_1\">\n\t\t\t\t\t\t<input type=\"radio\" id=\"rcp_subscription_level_1\" class=\"required rcp_level\"  name=\"rcp_level\" rel=\"55\" value=\"1\" \/>\n\t\t\t\t\t\t<label for=\"rcp_subscription_level_1\">\n\t\t\t\t\t\t\t<span class=\"rcp_subscription_level_name\">Abonnement annuel (tarif plein)<\/span><span class=\"rcp_separator\">&nbsp;-&nbsp;<\/span><span class=\"rcp_price\" rel=\"55\">55,00&#8364;<\/span><span class=\"rcp_separator\">&nbsp;-&nbsp;<\/span>\n\t\t\t\t\t\t\t<span class=\"rcp_level_duration\">1&nbsp;Ann\u00e9e<\/span>\n\t\t\t\t\t\t\t\t\t\t\t\t\t\t<div class=\"rcp_level_description\"> Abonnez-vous \u00e0 Novastan pour un an, en illimit\u00e9 et sans engagement !<\/div>\n\t\t\t\t\t\t<\/label>\n\t\t\t\t\t<\/li>\n\t\t\t\t\t\t\t\t\t\t\t\t\t\t\t\t\t\t\t<li class=\"rcp_subscription_level rcp_subscription_level_2\">\n\t\t\t\t\t\t<input type=\"radio\" id=\"rcp_subscription_level_2\" class=\"required rcp_level\"  name=\"rcp_level\" rel=\"25\" value=\"2\" \/>\n\t\t\t\t\t\t<label for=\"rcp_subscription_level_2\">\n\t\t\t\t\t\t\t<span class=\"rcp_subscription_level_name\">Abonnement annuel (tarif r\u00e9duit)<\/span><span class=\"rcp_separator\">&nbsp;-&nbsp;<\/span><span class=\"rcp_price\" rel=\"25\">25,00&#8364;<\/span><span class=\"rcp_separator\">&nbsp;-&nbsp;<\/span>\n\t\t\t\t\t\t\t<span class=\"rcp_level_duration\">1&nbsp;Ann\u00e9e<\/span>\n\t\t\t\t\t\t\t\t\t\t\t\t\t\t<div class=\"rcp_level_description\"> Vous \u00eates \u00e9tudiant-e, demandeur-se d\\'emploi ou retrait\u00e9-e ? Abonnez-vous \u00e0 Novastan pour un an \u00e0 notre tarif r\u00e9duit, en illimit\u00e9 et sans engagement !<\/div>\n\t\t\t\t\t\t<\/label>\n\t\t\t\t\t<\/li>\n\t\t\t\t\t\t\t\t\t\t\t\t\t\t\t\t\t\t\t<li class=\"rcp_subscription_level rcp_subscription_level_3\">\n\t\t\t\t\t\t<input type=\"radio\" id=\"rcp_subscription_level_3\" class=\"required rcp_level\"  name=\"rcp_level\" rel=\"6\" value=\"3\" \/>\n\t\t\t\t\t\t<label for=\"rcp_subscription_level_3\">\n\t\t\t\t\t\t\t<span class=\"rcp_subscription_level_name\">Abonnement mensuel (tarif plein)<\/span><span class=\"rcp_separator\">&nbsp;-&nbsp;<\/span><span class=\"rcp_price\" rel=\"6\">6,00&#8364;<\/span><span class=\"rcp_separator\">&nbsp;-&nbsp;<\/span>\n\t\t\t\t\t\t\t<span class=\"rcp_level_duration\">1&nbsp;Mois<\/span>\n\t\t\t\t\t\t\t\t\t\t\t\t\t\t<div class=\"rcp_level_description\"> Abonnez-vous \u00e0 Novastan pour un mois. Avec ce bel objet num\u00e9rique, vous profiterez de notre site en illimit\u00e9 et sans engagement !<\/div>\n\t\t\t\t\t\t<\/label>\n\t\t\t\t\t<\/li>\n\t\t\t\t\t\t\t\t\t\t\t\t\t\t\t\t\t\t\t<li class=\"rcp_subscription_level rcp_subscription_level_4\">\n\t\t\t\t\t\t<input type=\"radio\" id=\"rcp_subscription_level_4\" class=\"required rcp_level\"  name=\"rcp_level\" rel=\"3\" value=\"4\" \/>\n\t\t\t\t\t\t<label for=\"rcp_subscription_level_4\">\n\t\t\t\t\t\t\t<span class=\"rcp_subscription_level_name\">Abonnement mensuel (tarif r\u00e9duit)<\/span><span class=\"rcp_separator\">&nbsp;-&nbsp;<\/span><span class=\"rcp_price\" rel=\"3\">3,00&#8364;<\/span><span class=\"rcp_separator\">&nbsp;-&nbsp;<\/span>\n\t\t\t\t\t\t\t<span class=\"rcp_level_duration\">1&nbsp;Mois<\/span>\n\t\t\t\t\t\t\t\t\t\t\t\t\t\t<div class=\"rcp_level_description\"> Vous \u00eates \u00e9tudiant-e, demandeur-se d\\'emploi ou retrait\u00e9-e ? Abonnez-vous \u00e0 Novastan pour un mois \u00e0 notre tarif r\u00e9duit ! Vous profiterez de notre site en illimit\u00e9 et sans engagement.<\/div>\n\t\t\t\t\t\t<\/label>\n\t\t\t\t\t<\/li>\n\t\t\t\t\t\t\t\t\t\t\t\t\t\t\t\t\t\t\t<li class=\"rcp_subscription_level rcp_subscription_level_8\">\n\t\t\t\t\t\t<input type=\"radio\" id=\"rcp_subscription_level_8\" class=\"required rcp_level\"  name=\"rcp_level\" rel=\"250\" value=\"8\" \/>\n\t\t\t\t\t\t<label for=\"rcp_subscription_level_8\">\n\t\t\t\t\t\t\t<span class=\"rcp_subscription_level_name\">Abonnement annuel entreprises \/ institutions<\/span><span class=\"rcp_separator\">&nbsp;-&nbsp;<\/span><span class=\"rcp_price\" rel=\"250\">250,00&#8364;<\/span><span class=\"rcp_separator\">&nbsp;-&nbsp;<\/span>\n\t\t\t\t\t\t\t<span class=\"rcp_level_duration\">1&nbsp;Ann\u00e9e<\/span>\n\t\t\t\t\t\t\t\t\t\t\t\t\t\t<div class=\"rcp_level_description\"> Un abonnement sp\u00e9cial pour les entreprises et institutions suivant l'Asie centrale. Contactez-nous pour de plus amples informations \u00e0 marketing[at]novastan.org.<\/div>\n\t\t\t\t\t\t<\/label>\n\t\t\t\t\t<\/li>\n\t\t\t\t\t\t\t\t\t\t\t\t<\/ul>\n\t\t\t\t<\/fieldset>\n\t\t\t<fieldset class=\"rcp_discounts_fieldset\">\n\t\t\t<p id=\"rcp_discount_code_wrap\">\n\t\t\t\t<label for=\"rcp_discount_code\">\n\t\t\t\t\tCode de r\u00e9duction\t\t\t\t\t<span class=\"rcp_discount_valid\" style=\"display: none;\"> - Valide<\/span>\n\t\t\t\t\t<span class=\"rcp_discount_invalid\" style=\"display: none;\"> - Invalide<\/span>\n\t\t\t\t<\/label>\n\t\t\t\t<span class=\"rcp_discount_code_field_wrap\">\n\t\t\t\t\t<input type=\"text\" id=\"rcp_discount_code\" name=\"rcp_discount\" class=\"rcp_discount_code\" value=\"\"\/>\n\t\t\t\t\t<button class=\"rcp_button\" id=\"rcp_apply_discount\">Appliquer<\/button>\n\t\t\t\t<\/span>\n\t\t\t<\/p>\n\t\t<\/fieldset>\n\t\t<div class=\"rcp_registration_total\"><\/div>\n\t\t\t<div class=\"rcp_gateway_fields\">\n\t\t\t\t\t\t\t\t\t\t\t\t<input type=\"hidden\" name=\"rcp_gateway\" value=\"stripe\" data-supports-recurring=\"yes\" data-supports-trial=\"yes\"\/>\n\t\t\t\t\t\t\t\t\t<\/div>\n\t\n\t\t\t<fieldset class=\"rcp_agree_to_terms_fieldset\">\n\t\t\t<p id=\"rcp_agree_to_terms_wrap\">\n\t\t\t\t<input type=\"checkbox\" id=\"rcp_agree_to_terms\" name=\"rcp_agree_to_terms\" value=\"1\">\n\t\t\t\t<label for=\"rcp_agree_to_terms\">\n\t\t\t\t\t<a href=\"\/fr\/mentions-legales\" target=\"_blank\">J'accepte les termes et conditions<\/a>\t\t\t\t<\/label>\n\t\t\t<\/p>\n\t\t<\/fieldset>\n\t\n\t\t\t<fieldset class=\"rcp_agree_to_privacy_policy_fieldset\">\n\t\t\t<p id=\"rcp_agree_to_privacy_policy_wrap\">\n\t\t\t\t<input type=\"checkbox\" id=\"rcp_agree_to_privacy_policy\" name=\"rcp_agree_to_privacy_policy\" value=\"1\">\n\t\t\t\t<label for=\"rcp_agree_to_privacy_policy\">\n\t\t\t\t\t<a href=\"\/fr\/mentions-legales\" target=\"_blank\">J'accepte la politique de confidentialit\u00e9<\/a>\t\t\t\t<\/label>\n\t\t\t<\/p>\n\t\t<\/fieldset>\n\t\n\t\t<input type=\"hidden\" id=\"rcp-registration-type\" name=\"registration_type\" value=\"\" \/>\n\t<input type=\"hidden\" id=\"rcp-membership-id\" name=\"membership_id\" value=\"0\" \/>\n\t<input type=\"hidden\" id=\"rcp-payment-id\" name=\"rcp_registration_payment_id\" value=\"0\" \/>\n\t<input id=\"rcp_mailchimp_pro_signup\" name=\"rcp_mailchimp_pro_signup\" type=\"hidden\" value=\"true\" \/>\n\t\n\t<p id=\"rcp_submit_wrap\">\n\t\t\t\t<input type=\"hidden\" name=\"rcp_register_nonce\" value=\"a377a3d1a7\"\/>\n\t\t<input type=\"submit\" name=\"rcp_submit_registration\" id=\"rcp_submit\" class=\"rcp-button\" value=\"S&#039;inscrire\"\/>\n\t<\/p>\n<\/form>\n","protected":false},"excerpt":{"rendered":"<p>Cher lecteur, ch\u00e8re lectrice, Merci d&rsquo;\u00eatre l\u00e0 ! Sur cette page, vous pouvez vous abonner \u00e0 la version fran\u00e7aise de Novastan pour le temps et le tarif que vous souhaitez. Avec cet abonnement, vous : avez acc\u00e8s \u00e0 l&rsquo;ensemble des contenus de notre site recevez chaque mercredi matin dans votre bo\u00eete mail notre d\u00e9cryptage hebdomadaire [&hellip;]<\/p>\n","protected":false},"author":702,"featured_media":0,"parent":0,"menu_order":0,"comment_status":"closed","ping_status":"closed","template":"","meta":{"_acf_changed":false,"footnotes":""},"coauthors":[3721],"class_list":["post-34491","page","type-page","status-publish","hentry"],"acf":[],"_links":{"self":[{"href":"https:\/\/novastan.org\/fr\/wp-json\/wp\/v2\/pages\/34491","targetHints":{"allow":["GET"]}}],"collection":[{"href":"https:\/\/novastan.org\/fr\/wp-json\/wp\/v2\/pages"}],"about":[{"href":"https:\/\/novastan.org\/fr\/wp-json\/wp\/v2\/types\/page"}],"author":[{"embeddable":true,"href":"https:\/\/novastan.org\/fr\/wp-json\/wp\/v2\/users\/702"}],"replies":[{"embeddable":true,"href":"https:\/\/novastan.org\/fr\/wp-json\/wp\/v2\/comments?post=34491"}],"version-history":[{"count":0,"href":"https:\/\/novastan.org\/fr\/wp-json\/wp\/v2\/pages\/34491\/revisions"}],"wp:attachment":[{"href":"https:\/\/novastan.org\/fr\/wp-json\/wp\/v2\/media?parent=34491"}],"wp:term":[{"taxonomy":"author","embeddable":true,"href":"https:\/\/novastan.org\/fr\/wp-json\/wp\/v2\/coauthors?post=34491"}],"curies":[{"name":"wp","href":"https:\/\/api.w.org\/{rel}","templated":true}]}}