{"id":314,"date":"2016-09-05T13:38:38","date_gmt":"2016-09-05T11:38:38","guid":{"rendered":"https:\/\/novastan.org\/fr\/?page_id=314"},"modified":"2025-09-26T15:42:12","modified_gmt":"2025-09-26T13:42:12","slug":"mentions-legales","status":"publish","type":"page","link":"https:\/\/novastan.org\/fr\/mentions-legales\/","title":{"rendered":"Mentions l\u00e9gales"},"content":{"rendered":"<h2><strong>Mentions l\u00e9gales<\/strong><\/h2>\n<p>\u00a0<\/p>\n<h5><strong>Organisation<\/strong><\/h5>\n<p>Le site Novastan.org (plus loin, \u201cle site\u201d) est g\u00e9r\u00e9 par l&rsquo;association Novastan France.<\/p>\n<p>Adresse : 8, rue du g\u00e9n\u00e9ral Renault<br \/>75011 Paris<br \/>France<\/p>\n<p>Num\u00e9ro RNA : W751240791<\/p>\n<p>Identifiant SIREN 833 376 635<\/p>\n<p>Identifiant SIRET 833 376 635 00029<\/p>\n<fieldset id=\"fieldsetCache\">\n<p><span style=\"font-size: inherit;\">Agr\u00e9ment CPPAP n\u00b00327 Y 94200<\/span><\/p>\n<\/fieldset>\n<h5><strong>Contact<\/strong><\/h5>\n<p>Directeur de publication : Etienne Combier<br \/>novastan.france[at]novastan.org<\/p>\n<h5><strong>Conditions g\u00e9n\u00e9rales d&rsquo;utilisation<\/strong><\/h5>\n<p>Les conditions g\u00e9n\u00e9rales d&rsquo;utilisation de Novastan se trouvent sur <a href=\"https:\/\/novastan.org\/fr\/conditions-generales-dutilisation\/\">cette page<\/a>.<\/p>\n<h5><strong>Conditions g\u00e9n\u00e9rales de vente<\/strong><\/h5>\n<p>Les conditions g\u00e9n\u00e9rales de vente de Novastan se trouvent sur <a href=\"https:\/\/novastan.org\/fr\/conditions-generales-de-vente\/\">cette page<\/a>.<\/p>\n<h5><strong>Responsabilit\u00e9<\/strong><\/h5>\n<p>Novastan France d\u00e9cline toute responsabilit\u00e9 li\u00e9e aux contenus ext\u00e9rieurs au site accessibles par les hyperliens pr\u00e9sents sur le site.<\/p>\n<p>Novastan France se donne le droit de supprimer tout commentaire non conforme aux normes l\u00e9gales (racisme, anti-s\u00e9mitisme etc\u2026).<\/p>\n<p>Les opinions exprim\u00e9es sont celles des auteurs, et peuvent ne pas correspondre \u00e0 celles de la r\u00e9daction.<br \/>Pour toute r\u00e9clamation quant au contenu n\u2019h\u00e9sitez pas \u00e0 nous contacter : novastan.france[at]novastan.org<\/p>\n<h5><strong>Droits d\u2019utilisation<\/strong><\/h5>\n<p>Sauf autrement sp\u00e9cifi\u00e9, le contenu du site est la propri\u00e9t\u00e9 de Novastan France, publi\u00e9 selon les modalit\u00e9s de la licence Creative Commons Attribution &#8211; Pas d\u2019Utilisation Commerciale &#8211; Partage dans les M\u00eames Conditions (CC-BY-NC-SA 3.0 FR). Plus d\u2019informations ici :<\/p>\n<p><a href=\"http:\/\/creativecommons.org\/licenses\/by-nc-sa\/3.0\/fr\/\">http:\/\/creativecommons.org\/licenses\/by-nc-sa\/3.0\/fr\/<\/a><\/p>\n<p>Si vous souhaitez devenir partenaire de Novastan.org, contactez nous \u00e0 info[at]novastan.org<\/p>\n<p><b data-stringify-type=\"bold\">H\u00e9bergeur<\/b>\u00a0: <br \/>flowmedia GmbH<br \/>Allemande<br \/><a href=\"https:\/\/www.flowmedia.de\" target=\"_blank\" rel=\"noopener\">www.flowmedia.de<\/a><br \/><br \/><br \/><\/p>\n\n","protected":false},"excerpt":{"rendered":"<p>Mentions l\u00e9gales \u00a0 Organisation Le site Novastan.org (plus loin, \u201cle site\u201d) est g\u00e9r\u00e9 par l&rsquo;association Novastan France. Adresse : 8, rue du g\u00e9n\u00e9ral Renault75011 ParisFrance Num\u00e9ro RNA : W751240791 Identifiant SIREN 833 376 635 Identifiant SIRET 833 376 635 00029 Agr\u00e9ment CPPAP n\u00b00327 Y 94200 Contact Directeur de publication : Etienne Combiernovastan.france[at]novastan.org Conditions g\u00e9n\u00e9rales d&rsquo;utilisation [&hellip;]<\/p>\n","protected":false},"author":1,"featured_media":0,"parent":0,"menu_order":0,"comment_status":"closed","ping_status":"closed","template":"","meta":{"_acf_changed":false,"footnotes":""},"coauthors":[],"class_list":["post-314","page","type-page","status-publish","hentry"],"acf":[],"_links":{"self":[{"href":"https:\/\/novastan.org\/fr\/wp-json\/wp\/v2\/pages\/314","targetHints":{"allow":["GET"]}}],"collection":[{"href":"https:\/\/novastan.org\/fr\/wp-json\/wp\/v2\/pages"}],"about":[{"href":"https:\/\/novastan.org\/fr\/wp-json\/wp\/v2\/types\/page"}],"author":[{"embeddable":true,"href":"https:\/\/novastan.org\/fr\/wp-json\/wp\/v2\/users\/1"}],"replies":[{"embeddable":true,"href":"https:\/\/novastan.org\/fr\/wp-json\/wp\/v2\/comments?post=314"}],"version-history":[{"count":2,"href":"https:\/\/novastan.org\/fr\/wp-json\/wp\/v2\/pages\/314\/revisions"}],"predecessor-version":[{"id":72494,"href":"https:\/\/novastan.org\/fr\/wp-json\/wp\/v2\/pages\/314\/revisions\/72494"}],"wp:attachment":[{"href":"https:\/\/novastan.org\/fr\/wp-json\/wp\/v2\/media?parent=314"}],"wp:term":[{"taxonomy":"author","embeddable":true,"href":"https:\/\/novastan.org\/fr\/wp-json\/wp\/v2\/coauthors?post=314"}],"curies":[{"name":"wp","href":"https:\/\/api.w.org\/{rel}","templated":true}]}}