{"id":312,"date":"2016-09-05T13:37:01","date_gmt":"2016-09-05T11:37:01","guid":{"rendered":"https:\/\/novastan.org\/fr\/?page_id=312"},"modified":"2017-08-28T17:25:33","modified_gmt":"2017-08-28T15:25:33","slug":"charte-editoriale","status":"publish","type":"page","link":"https:\/\/novastan.org\/fr\/charte-editoriale\/","title":{"rendered":"Charte \u00e9ditoriale"},"content":{"rendered":"<p style=\"text-align: center\"><strong><big>Notre charte \u00e9ditoriale<\/big><\/strong><\/p>\n<p>En tant que principal m\u00e9dia europ\u00e9en d\u00e9vou\u00e9 \u00e0 l\u2019Asie centrale, Novastan se fixe les objectifs suivants:<\/p>\n<ul>\n<li><b>Pour le rapprochement entre l&rsquo;Asie centrale et l&rsquo;Europe : <\/b>Novastan cherche \u00e0 accro\u00eetre la connaissance mutuelle de l&rsquo;Europe et de l&rsquo;Asie centrale et ainsi rapprocher ces deux r\u00e9gions. Novastan cherche ainsi \u00e0 animer et \u00e9tendre un r\u00e9seau de membres r\u00e9parti sur les deux r\u00e9gions et met un accent sur la couverture des relations entre l\u2019Europe et l\u2019Asie centrale.<\/li>\n<li><b>Faire d\u00e9couvrir l&rsquo;Asie centrale :<\/b> C&rsquo;est d\u00e9passer les premi\u00e8res impressions et les pr\u00e9jug\u00e9s qu&rsquo;on peut avoir sur une r\u00e9gion m\u00e9connue. C&rsquo;est aussi expliquer les concepts et les nuances qui font la r\u00e9gion aujourd&rsquo;hui en mettant en avant l&rsquo;expertise et les journalistes centre-asiatiques. Nous cherchons \u00e0 montrer l&rsquo;Asie centrale telle qu&rsquo;elle est, dans toute sa complexit\u00e9 et avec les r\u00e9alit\u00e9s qui la font.<\/li>\n<\/ul>\n<p>Dans son travail, Novastan s&rsquo;engage \u00e0 rester:<\/p>\n<ul>\n<li><b>Ind\u00e9pendant :<\/b> Novastan est actuellement un projet majoritairement b\u00e9n\u00e9vole, reposant sur l\u2019engagement de notre communaut\u00e9 en Europe et en Asie centrale. Nous nous engageons \u00e0 rester transparents sur nos sources de revenus et nos soutiens financiers et ainsi d\u00e9voiler les possibles conflits d&rsquo;int\u00e9r\u00eats.<\/li>\n<li>\u00a0<b>Ouvert<\/b> <b>et tourn\u00e9 vers l&rsquo;avenir : <\/b>Novastan veut rester \u00e0 l&rsquo;\u00e9coute de nouvelles r\u00e9alit\u00e9s, de nouvelles id\u00e9es, de nouveaux concepts tant sur les terrains europ\u00e9ens que centrasiatiques. Cette ouverture nous pousse \u00e0 tester des formats diff\u00e9rents, aborder des questions sous des angles nouveaux et rester \u00e0 l&rsquo;\u00e9coute de l&rsquo;Asie centrale.<\/li>\n<\/ul>\n<p>&nbsp;<\/p>\n","protected":false},"excerpt":{"rendered":"<p>Notre charte \u00e9ditoriale En tant que principal m\u00e9dia europ\u00e9en d\u00e9vou\u00e9 \u00e0 l\u2019Asie centrale, Novastan se fixe les objectifs suivants: Pour le rapprochement entre l&rsquo;Asie centrale et l&rsquo;Europe : Novastan cherche \u00e0 accro\u00eetre la connaissance mutuelle de l&rsquo;Europe et de l&rsquo;Asie centrale et ainsi rapprocher ces deux r\u00e9gions. Novastan cherche ainsi \u00e0 animer et \u00e9tendre un [&hellip;]<\/p>\n","protected":false},"author":1,"featured_media":0,"parent":0,"menu_order":0,"comment_status":"closed","ping_status":"closed","template":"","meta":{"_acf_changed":false,"footnotes":""},"coauthors":[],"class_list":["post-312","page","type-page","status-publish","hentry"],"acf":[],"_links":{"self":[{"href":"https:\/\/novastan.org\/fr\/wp-json\/wp\/v2\/pages\/312","targetHints":{"allow":["GET"]}}],"collection":[{"href":"https:\/\/novastan.org\/fr\/wp-json\/wp\/v2\/pages"}],"about":[{"href":"https:\/\/novastan.org\/fr\/wp-json\/wp\/v2\/types\/page"}],"author":[{"embeddable":true,"href":"https:\/\/novastan.org\/fr\/wp-json\/wp\/v2\/users\/1"}],"replies":[{"embeddable":true,"href":"https:\/\/novastan.org\/fr\/wp-json\/wp\/v2\/comments?post=312"}],"version-history":[{"count":1,"href":"https:\/\/novastan.org\/fr\/wp-json\/wp\/v2\/pages\/312\/revisions"}],"predecessor-version":[{"id":61337,"href":"https:\/\/novastan.org\/fr\/wp-json\/wp\/v2\/pages\/312\/revisions\/61337"}],"wp:attachment":[{"href":"https:\/\/novastan.org\/fr\/wp-json\/wp\/v2\/media?parent=312"}],"wp:term":[{"taxonomy":"author","embeddable":true,"href":"https:\/\/novastan.org\/fr\/wp-json\/wp\/v2\/coauthors?post=312"}],"curies":[{"name":"wp","href":"https:\/\/api.w.org\/{rel}","templated":true}]}}