{"id":309,"date":"2016-09-05T11:42:45","date_gmt":"2016-09-05T09:42:45","guid":{"rendered":"https:\/\/novastan.org\/fr\/?page_id=309"},"modified":"2018-12-10T08:09:41","modified_gmt":"2018-12-10T07:09:41","slug":"partenaires","status":"publish","type":"page","link":"https:\/\/novastan.org\/fr\/partenaires\/","title":{"rendered":"Partenaires"},"content":{"rendered":"<p>[vc_row][vc_column][mkd_section_title title_tag=\u00a0\u00bbh3&Prime; pattern_style=\u00a0\u00bblight\u00a0\u00bb title=\u00a0\u00bbNos partenaires institutionnels\u00a0\u00bb][\/vc_column][\/vc_row][vc_row][vc_column width=\u00a0\u00bb1\/4&Prime;][vc_single_image image=\u00a0\u00bb108&Prime; img_size=\u00a0\u00bbfull\u00a0\u00bb][\/vc_column][vc_column width=\u00a0\u00bb3\/4&Prime;][vc_column_text]<\/p>\n<h2>Alliance fran\u00e7aise de Bichkek<\/h2>\n<p><strong>Mission<\/strong><\/p>\n<p>Enseigner la langue fran\u00e7aise et sa culture au Kirghizstan<\/p>\n<p><strong>Description<\/strong><\/p>\n<p>L&rsquo;Alliance Fran\u00e7aise de Bichkek vous propose des cours de fran\u00e7ais et de russe tous niveaux, en groupe ou particuliers. Plus d&rsquo;informations par t\u00e9l\u00e9phone ou au 143\/1 Isanova\/Frounze.<\/p>\n<p>Rendez-vous \u00e9galement au centre fran\u00e7ais pour consulter nos ressources (livres, CD, DVD, cassettes vid\u00e9o) sur place ou les emprunter.<\/p>\n<p><strong>Informations g\u00e9n\u00e9rales<\/strong><\/p>\n<p>Vous souhaitez recevoir notre lettre d&rsquo;information hebdomadaire ? Inscrivez-vous \u00e0 l&rsquo;adresse suivante : ducotedefrounze@gmail.com[\/vc_column_text][\/vc_column][\/vc_row][vc_row][vc_column][vc_empty_space height=\u00a0\u00bb30px\u00a0\u00bb][\/vc_column][\/vc_row][vc_row][vc_column][vc_row_inner][vc_column_inner width=\u00a0\u00bb1\/4&Prime;][vc_single_image image=\u00a0\u00bb343&Prime; img_size=\u00a0\u00bbfull\u00a0\u00bb][\/vc_column_inner][vc_column_inner width=\u00a0\u00bb3\/4&Prime;][vc_column_text]<\/p>\n<h2>AUCA &#8211; Universit\u00e9 am\u00e9ricaine d&rsquo;Asie centrale<\/h2>\n<p>[\/vc_column_text][\/vc_column_inner][\/vc_row_inner][\/vc_column][\/vc_row][vc_row][vc_column][vc_empty_space height=\u00a0\u00bb30px\u00a0\u00bb][\/vc_column][\/vc_row][vc_row][vc_column width=\u00a0\u00bb1\/4&Prime;][vc_single_image image=\u00a0\u00bb32&Prime; img_size=\u00a0\u00bbfull\u00a0\u00bb][\/vc_column][vc_column width=\u00a0\u00bb3\/4&Prime;][vc_column_text]<\/p>\n<h2>Institut Fran\u00e7ais<\/h2>\n<p><a href=\"http:\/\/www.institutfrancais.com\/\" target=\"_blank\" rel=\"noopener\">L\u2019Institut fran\u00e7ais<\/a>, op\u00e9rateur du Minist\u00e8re des Affaires \u00e9trang\u00e8res pour l\u2019action ext\u00e9rieure de la France, se substitue \u00e0 l\u2019association Culturesfrance sous la forme d\u2019un EPIC (Etablissement public \u00e0 caract\u00e8re industriel et commercial) avec un p\u00e9rim\u00e8tre d\u2019action \u00e9largi et des moyens renforc\u00e9s.<\/p>\n<p>Pr\u00e9sid\u00e9 par Xavier Darcos, entour\u00e9 de Sylviane Tarsot-Gillery, directrice g\u00e9n\u00e9rale d\u00e9l\u00e9gu\u00e9e, et de Pierre\u00a0Colliot, secr\u00e9taire g\u00e9n\u00e9ral, l&rsquo;Institut fran\u00e7ais travaille en \u00e9troite relation avec le r\u00e9seau culturel fran\u00e7ais \u00e0 l\u2019\u00e9tranger constitu\u00e9 de plus de 150 Instituts fran\u00e7ais et pr\u00e8s de 1 000 Alliances fran\u00e7aises dans le monde.<\/p>\n<p>En cr\u00e9ant l\u2019Institut fran\u00e7ais, le gouvernement a en effet souhait\u00e9 confier \u00e0 une m\u00eame agence la promotion de l\u2019action culturelle ext\u00e9rieure de la France en mati\u00e8re d\u2019\u00e9changes artistiques &#8211; spectacle vivant, arts visuels, architecture -, de diffusion dans le monde du livre, du cin\u00e9ma, de la langue fran\u00e7aise, des savoirs et des id\u00e9es. \u00c0 ce titre, il d\u00e9veloppe un nouveau programme de diffusion de la culture scientifique.<\/p>\n<p>L\u2019Institut fran\u00e7ais poursuit les missions d\u2019accueil en France des cultures \u00e9trang\u00e8res, \u00e0 travers l\u2019organisation de \u00ab saisons \u00bb ou festivals et de coop\u00e9ration avec les pays du sud, en assurant notamment la gestion du Fonds Sud cin\u00e9ma, dispositif de soutien au cin\u00e9ma du sud, en partenariat avec le Centre National du Cin\u00e9ma et de l\u2019image anim\u00e9e. Il d\u00e9veloppe un programme de r\u00e9sidences internationales en France comme \u00e0 l\u2019\u00e9tranger.<\/p>\n<p>Il assure \u00e9galement de nouvelles missions de formation et professionnalisation des agents du r\u00e9seau culturel fran\u00e7ais \u00e0 l\u2019\u00e9tranger.<\/p>\n<p>Ceci dans le monde francophone comme en Asie Centrale. Voil\u00e0 ce projet lanc\u00e9, l\u2019\u00e9quipe recrut\u00e9e, le fruit d\u2019un long travail, commenc\u00e9 avant moi par tous les \u00e9tudiants Kirghizes, Ouzbeks, Tajiks, Kazakhs, Turkm\u00e8nes, Ou\u00efgours qui ont appris le fran\u00e7ais puis sont all\u00e9s \u00e9tudier en France au Qu\u00e9bec en Belgique ou en Suisse et qui participent toujours \u00e0 Francekoul. Notre volont\u00e9 de faire conna\u00eetre notre r\u00e9gion souvent entour\u00e9e de myst\u00e8res et objet de nombreux pr\u00e9jug\u00e9s farfelus \u00e0 nos lecteurs occidentaux.[\/vc_column_text][\/vc_column][\/vc_row][vc_row][vc_column][vc_empty_space height=\u00a0\u00bb30px\u00a0\u00bb][\/vc_column][\/vc_row][vc_row][vc_column width=\u00a0\u00bb1\/4&Prime;][vc_single_image image=\u00a0\u00bb157&Prime; img_size=\u00a0\u00bbfull\u00a0\u00bb][\/vc_column][vc_column width=\u00a0\u00bb3\/4&Prime;][vc_column_text]<\/p>\n<h2>AMICIF &#8211; Centres internationaux francophones des Lions Clubs de France<\/h2>\n<p><a href=\"http:\/\/www.amicif.fr\/index.php\" target=\"_blank\" rel=\"noopener\">Le Lions Clubs International\u00a0<\/a>est le premier \u00ab Club-Service \u00bb au niveau mondial en nombre de membres.[\/vc_column_text][\/vc_column][\/vc_row][vc_row][vc_column][vc_empty_space height=\u00a0\u00bb30px\u00a0\u00bb][\/vc_column][\/vc_row][vc_row][vc_column width=\u00a0\u00bb1\/4&Prime;][vc_single_image image=\u00a0\u00bb171&Prime; img_size=\u00a0\u00bbfull\u00a0\u00bb][\/vc_column][vc_column width=\u00a0\u00bb3\/4&Prime;][vc_column_text]<\/p>\n<h2>IPSE<\/h2>\n<p>L&rsquo;<a href=\"http:\/\/www.institut-ipse.org\/\" target=\"_blank\" rel=\"noopener\">IPSE<\/a> propose des solutions de veille strat\u00e9gique globale, des projets de recherche cibl\u00e9s sur des enjeux peu couverts. Dit autrement : des analyses et des id\u00e9es![\/vc_column_text][\/vc_column][\/vc_row][vc_row][vc_column][vc_empty_space height=\u00a0\u00bb30px\u00a0\u00bb][\/vc_column][\/vc_row][vc_row][vc_column][vc_row_inner][vc_column_inner width=\u00a0\u00bb1\/4&Prime;][vc_single_image image=\u00a0\u00bb348&Prime; img_size=\u00a0\u00bbfull\u00a0\u00bb][\/vc_column_inner][vc_column_inner width=\u00a0\u00bb3\/4&Prime;][vc_column_text]<\/p>\n<h2>Association franco-kirghize d&rsquo;\u00e9cotourisme<\/h2>\n<p>La Revue Franco-Kirghize est le site Web de l&rsquo;Association Franco-Kirghize d&rsquo;Ecotourisme (AFKE) cr\u00e9\u00e9e en 2007. Le but principal de cette association (association loi 1901) est de rapprocher la France et le Kirghizstan de fa\u00e7on \u00e0 d\u00e9velopper plus efficacement l&rsquo;\u00e9cotourisme dans ces deux pays.[\/vc_column_text][\/vc_column_inner][\/vc_row_inner][vc_empty_space height=\u00a0\u00bb30px\u00a0\u00bb][\/vc_column][\/vc_row][vc_row][vc_column][mkd_section_title title_tag=\u00a0\u00bbh3&Prime; pattern_style=\u00a0\u00bblight\u00a0\u00bb title=\u00a0\u00bbNos partenaires m\u00e9dias\u00a0\u00bb][\/vc_column][\/vc_row][vc_row][vc_column width=\u00a0\u00bb1\/4&Prime;][vc_single_image image=\u00a0\u00bb13638&Prime; img_size=\u00a0\u00bbfull\u00a0\u00bb][\/vc_column][vc_column width=\u00a0\u00bb3\/4&Prime;][vc_column_text]<\/p>\n<h2 class=\"partners_title\">Le Courrier d&rsquo;Europe centrale<\/h2>\n<p><a href=\"https:\/\/courrierdeuropecentrale.fr\/\">Le Courrier d&rsquo;Europe centrale<\/a> (ex-Hulala) est un site d&rsquo;information francophone sur l&rsquo;Europe centrale (Hongrie, Pologne, Tch\u00e9quie, Slovaquie), fond\u00e9 en 2009 \u00e0 Budapest. Gr\u00e2ce \u00e0 un r\u00e9seau de correspondants et des partenariats tiss\u00e9s avec des m\u00e9dias nationaux, son ambition est\u00a0d&rsquo;informer\u00a0sur l\u2019actualit\u00e9 sociale, politique et \u00e9conomique de ces pays en adoptant un point de vue compr\u00e9hensif et en privil\u00e9giant la recherche de la qualit\u00e9 \u00e0 celle de l&rsquo;exhaustivit\u00e9. Hulala entend contribuer \u00e0 l&rsquo;\u00e9mergence d&rsquo;un espace public europ\u00e9en, en rendant accessible la riche production culturelle et intellectuelle de ces soci\u00e9t\u00e9s au monde francophone, mais aussi en confrontant les points de vue de chercheurs, de personnalit\u00e9s politiques ou d&rsquo;acteurs de la soci\u00e9t\u00e9 civile autour des grandes questions contemporaines.[\/vc_column_text][\/vc_column][\/vc_row][vc_row][vc_column][vc_empty_space height=\u00a0\u00bb30px\u00a0\u00bb][\/vc_column][\/vc_row][vc_row][vc_column width=\u00a0\u00bb1\/4&Prime;][vc_single_image image=\u00a0\u00bb6576&Prime; img_size=\u00a0\u00bbfull\u00a0\u00bb][\/vc_column][vc_column width=\u00a0\u00bb3\/4&Prime;][vc_column_text]<\/p>\n<h2>Asialyst<\/h2>\n<p><a href=\"https:\/\/asialyst.com\/fr\/\">Asialyst.com<\/a> est un m\u00e9dia d\u2019information de qualit\u00e9, d\u2019analyse et d\u2019enqu\u00eate consacr\u00e9 \u00e0 l\u2019Asie. Ind\u00e9pendant et au contenu original, le site est destin\u00e9 aux passionn\u00e9s du continent asiatique et aux professionnels, qui y trouveront une information cibl\u00e9e et du recul sur les \u00e9v\u00e9nements.<\/p>\n<p>Asialyst s\u2019appuie sur une \u00e9quipe de correspondants, tous exp\u00e9riment\u00e9s, bas\u00e9s dans les grandes villes d\u2019Asie. La parole est aussi donn\u00e9e aux experts\u00a0: chercheurs, femmes et hommes d\u2019entreprise, ing\u00e9nieurs ou \u00e9tudiants. Le site permet \u00e9galement de partager le v\u00e9cu de celles et ceux qui \u00e9voluent en Asie depuis longtemps.[\/vc_column_text][\/vc_column][\/vc_row][vc_row][vc_column][vc_empty_space height=\u00a0\u00bb30px\u00a0\u00bb][\/vc_column][\/vc_row][vc_row][vc_column width=\u00a0\u00bb1\/4&Prime;][vc_single_image image=\u00a0\u00bb21215&Prime; img_size=\u00a0\u00bbfull\u00a0\u00bb][\/vc_column][vc_column width=\u00a0\u00bb3\/4&Prime;][vc_column_text]<\/p>\n<h2>Revue Jentayu<\/h2>\n<div class=\"row\">\n<div class=\"col-xs-12 col-sm-12 col-md-12 col-lg-12 col-xl-12\">\n<div class=\"author-info\">\n<p>La revue semestrielle Jentayu (ISSN 2426-2536) est d\u00e9di\u00e9e \u00e0 la traduction de textes courts ou d\u2019extraits de roman. \u00c0 chaque num\u00e9ro, entre douze et quinze textes provenant d\u2019une vari\u00e9t\u00e9 de pays et de r\u00e9gions d\u2019Asie sont s\u00e9lectionn\u00e9s sur un th\u00e8me donn\u00e9 et traduits par des traducteurs chevronn\u00e9s. Pour certains de ces textes, ils sont aussi mis en contexte sur le \u200b\u200b<a href=\"http:\/\/editions-jentayu.fr\/\">\u00a0site internet<\/a>\u00a0par le biais d\u2019un entretien avec l\u2019auteur, le traducteur, ou d\u2019une pr\u00e9sentation de son traducteur. Pour le plaisir des yeux, un illustrateur asiatique est invit\u00e9 \u00e0 imaginer des cr\u00e9ations visuelles en lien avec chacune des nouvelles. Enfin, \u00e0 chaque nouveau num\u00e9ro, la revue met aussi en avant les travaux d\u2019un photographe asiatique au travers d\u2019un carnet d\u00e9di\u00e9.<\/p>\n<\/div>\n<\/div>\n<\/div>\n<p>[\/vc_column_text][\/vc_column][\/vc_row][vc_row][vc_column][vc_empty_space height=\u00a0\u00bb30px\u00a0\u00bb][\/vc_column][\/vc_row][vc_row][vc_column width=\u00a0\u00bb1\/4&Prime;][vc_single_image image=\u00a0\u00bb138&Prime; img_size=\u00a0\u00bbfull\u00a0\u00bb][\/vc_column][vc_column width=\u00a0\u00bb3\/4&Prime;][vc_column_text]<\/p>\n<h2>Edge.kz<\/h2>\n<p><a href=\"http:\/\/www.edgekz.com\/\" target=\"_blank\" rel=\"noopener\">Edgekz.com<\/a> est un site anglophone d\u00e9di\u00e9 \u00e0 l&rsquo;actualit\u00e9 du Kazakhstan. Ses centres d&rsquo;int\u00e9r\u00eats vont du tourisme \u00e0 une vision plus sp\u00e9cifique de l&rsquo;information dans le pays. Le site poss\u00e8de \u00e9galement un trimestriel papier.[\/vc_column_text][\/vc_column][\/vc_row][vc_row][vc_column][vc_empty_space height=\u00a0\u00bb30px\u00a0\u00bb][\/vc_column][\/vc_row][vc_row][vc_column width=\u00a0\u00bb1\/4&Prime;][vc_single_image image=\u00a0\u00bb344&Prime; img_size=\u00a0\u00bbfull\u00a0\u00bb][\/vc_column][vc_column width=\u00a0\u00bb3\/4&Prime;][vc_column_text]<\/p>\n<h2>Gare de l&rsquo;Est<\/h2>\n<p><a href=\"http:\/\/www.garedelest.org\/\" target=\"_blank\" rel=\"noopener\">Gare de l&rsquo;Est<\/a>\u00a0est une association loi 1901 \u00e0 but non lucratif et dont tous les membres sont b\u00e9n\u00e9voles. Son action vise \u00e0 diffuser les connaissances des meilleurs experts des mondes de l&rsquo;Est (Balkans, Europe orientale, Russie, Caucase, Asie centrale) aupr\u00e8s du public francophone. Elle s&rsquo;articule notamment autour d&rsquo;une \u00e9mission de radio sur Euradio et de la publication d&rsquo;une collection \u00e9dit\u00e9e chez l&rsquo;Harmattan \u00e0 partir de juin 2013.[\/vc_column_text][\/vc_column][\/vc_row][vc_row][vc_column][vc_empty_space height=\u00a0\u00bb30px\u00a0\u00bb][\/vc_column][\/vc_row][vc_row][vc_column width=\u00a0\u00bb1\/4&Prime;][vc_single_image image=\u00a0\u00bb125&Prime; img_size=\u00a0\u00bbfull\u00a0\u00bb][\/vc_column][vc_column width=\u00a0\u00bb3\/4&Prime;][vc_column_text]<\/p>\n<h2>Lepetitjournal.com<\/h2>\n<p><a href=\"http:\/\/www.lepetitjournal.com\/\">Lepetitjournal<\/a> est le\u00a0journal des Fran\u00e7ais et francophones \u00e0 l&rsquo;\u00e9tranger.<br \/>\nEtabli dans 43 villes dans le monde, il publie des\u00a0Informations internationales, fran\u00e7aises et locales, un r\u00e9pertoire d&rsquo;adresses de professionnels dans votre pays, des petites annonces et des coups de coeur.[\/vc_column_text][\/vc_column][\/vc_row][vc_row][vc_column][vc_empty_space height=\u00a0\u00bb30px\u00a0\u00bb][\/vc_column][\/vc_row][vc_row][vc_column width=\u00a0\u00bb1\/4&Prime;][vc_single_image image=\u00a0\u00bb117&Prime; img_size=\u00a0\u00bbfull\u00a0\u00bb][\/vc_column][vc_column width=\u00a0\u00bb3\/4&Prime;][vc_column_text]<\/p>\n<h2>Vitcherniy Bichkek<\/h2>\n<p>L\u2019agence d\u2019information Vetcherniy Bichkek a migr\u00e9 sur l\u2019internet kirghiz le 23 octobre 2011. Aujourd\u2019hui, vb.kg s\u2019est tourn\u00e9 vers un format d\u2019\u00e9criture offrant un contenu multim\u00e9dia, qui inclut des reportages photos et vid\u00e9os ainsi que des infographies.<\/p>\n<p>A l\u2019automne 2012, <a href=\"http:\/\/www.vb.kg\/\">vb.kg<\/a> est devenu le premier site \u00e0 l\u2019\u00e9chelle des medias kirghizs sur les r\u00e9seaux sociaux. 25 \u00e0 30% du trafic sur le site\u00a0provient des r\u00e9seaux sociaux. Aujourd\u2019hui, plus de 32 000 utilisateurs sont touch\u00e9s par la couverture du site sur les r\u00e9seaux.[\/vc_column_text][\/vc_column][\/vc_row][vc_row anchor=\u00a0\u00bbinstitutionnels\u00a0\u00bb][vc_column][vc_empty_space height=\u00a0\u00bb30px\u00a0\u00bb][vc_row_inner][vc_column_inner width=\u00a0\u00bb1\/4&Prime;][vc_single_image image=\u00a0\u00bb116&Prime; img_size=\u00a0\u00bbfull\u00a0\u00bb][\/vc_column_inner][vc_column_inner width=\u00a0\u00bb3\/4&Prime;][vc_column_text]<\/p>\n<h2>Le Journal International<\/h2>\n<p>Fond\u00e9 \u00e0 Lyon, il y a 5 ans,<a href=\"http:\/\/www.lejournalinternational.fr\/\" target=\"_blank\" rel=\"noopener\">\u00a0<em>Le Journal International<\/em><\/a>\u00a0aspire \u00e0 l\u2019ouverture. Fort de 200 correspondants, l\u2019actualit\u00e9 qu\u2019il propose est lav\u00e9e de la r\u00e9sonance de l\u2019instantan\u00e9. Avides de partage, nos r\u00e9dacteurs, aspirants journalistes, ont \u00e9t\u00e9 form\u00e9s \u00e0 Sciences Po, dans les universit\u00e9s fran\u00e7aises ou dans des \u00e9coles de journalisme. Pr\u00e9sents sur le terrain, figures de proue des nouveaux codes de l\u2019information, nous ne rejetons pas les mod\u00e8les \u00e9tablis. Nous choisissons simplement d\u2019inventer au quotidien le journalisme dont nous r\u00eavons. Sans pr\u00e9tendre changer votre vision du monde, nous esp\u00e9rons \u00e0 tout le moins en affiner la perception.[\/vc_column_text][\/vc_column_inner][\/vc_row_inner][vc_empty_space height=\u00a0\u00bb30px\u00a0\u00bb][vc_row_inner][vc_column_inner width=\u00a0\u00bb1\/4&Prime;][vc_single_image image=\u00a0\u00bb347&Prime; img_size=\u00a0\u00bbfull\u00a0\u00bb][\/vc_column_inner][vc_column_inner width=\u00a0\u00bb3\/4&Prime;][vc_column_text]<\/p>\n<h2>Regard sur les Ou\u00efghour-e-s<\/h2>\n<p><a href=\"http:\/\/www.oghouz.org\/accueil.html\" target=\"_blank\" rel=\"noopener\">Oghouz<\/a>, association la\u00efque, apolitique et \u00e0 but non lucratif (loi 1901), se donne pour but de promouvoir la rencontre\u00a0entre les cultures fran\u00e7aise et ou\u00efghoure. Elle publie notamment dans ce cadre la premi\u00e8re revue franco-ou\u00efghoure\u00a0<em>Regard\u00a0sur les Ou\u00efghour-e-s<\/em>.[\/vc_column_text][\/vc_column_inner][\/vc_row_inner][vc_empty_space height=\u00a0\u00bb30px\u00a0\u00bb][vc_row_inner][vc_column_inner width=\u00a0\u00bb1\/4&Prime;][vc_single_image image=\u00a0\u00bb6673&Prime; img_size=\u00a0\u00bbfull\u00a0\u00bb][\/vc_column_inner][vc_column_inner width=\u00a0\u00bb3\/4&Prime;][vc_column_text]<\/p>\n<h2>Agora Francophone<\/h2>\n<p>Aventure commenc\u00e9e il y a 25 ans \u00e0 <b>l&rsquo;Universit\u00e9 Laval \u2013 Qu\u00e9bec<\/b>, aujourd&rsquo;hui domicili\u00e9e \u00e0 <b>l&rsquo;ESJ Lille<\/b>. <i>Agora Francophone<\/i> \u00e9dite une revue papier <i>l&rsquo;Ann\u00e9e Francophone Internationale<\/i> et administre une plateforme internet d\u00e9di\u00e9e \u00e0 la francophonie et \u00e0 la francophilie. Revue de presse, reportages, galeries photographiques, entretiens&#8230; 200 contributeurs dans le monde. Toujours en attente de nouvelles signatures et d&rsquo;enrichissement des contenus. <a href=\"http:\/\/www.agora-francophone.org\/\">www.agora-francophone.org<\/a>. <i>Agora<\/i> est \u00e0 la fois une source d&rsquo;informationS et un lieu d&rsquo;expressionS&#8230; francophoneS.[\/vc_column_text][\/vc_column_inner][\/vc_row_inner][vc_empty_space height=\u00a0\u00bb30px\u00a0\u00bb][vc_row_inner][vc_column_inner width=\u00a0\u00bb1\/4&Prime;][vc_single_image image=\u00a0\u00bb350&Prime; img_size=\u00a0\u00bbfull\u00a0\u00bb][\/vc_column_inner][vc_column_inner width=\u00a0\u00bb3\/4&Prime;][vc_column_text]<\/p>\n<h2>COSAC &#8211; Centre d&rsquo;Observation des Soci\u00e9t\u00e9s d&rsquo;Asie centrale<\/h2>\n<p><a href=\"http:\/\/www.asiecentrale-cosac.org\/\" target=\"_blank\" rel=\"noopener\">Le Centre d\u2019Observation des Soci\u00e9t\u00e9s d\u2019Asie Centrale (COSAC)<\/a> est un centre d\u2019observation et une base documentaire rassemblant les \u00e9crits de diff\u00e9rents auteurs francophones, anglophones, russophones et kirghizophones (chercheurs, universitaires, analystes, journalistes\u2026) sur l\u2019\u00e9volution des soci\u00e9t\u00e9s d\u2019Asie centrale post-sovi\u00e9tique depuis 1991.<\/p>\n<p>Cr\u00e9\u00e9 \u00e0 l\u2019initiative de chercheurs et d\u2019universitaires issus de plusieurs universit\u00e9s de Bordeaux en Mai 2013, le COSAC entend d\u00e9velopper l\u2019\u00e9tude, la recherche et la prospective autour des diff\u00e9rents champs scientifiques connexes \u00e0 l\u2019\u00e9volution des soci\u00e9t\u00e9s d\u2019Asie centrale post-sovi\u00e9tique depuis 1991 (g\u00e9ographie, histoire, sciences politiques, \u00e9conomiques et sociales, relations internationales, journalisme et communication).<\/p>\n<p>Par son existence (site internet, conf\u00e9rences, participation \u00e0 des projets) et son r\u00e9seau de partenaires, le COSAC entend \u00eatre un outil \u00e0 la disposition de tous (personnes, instituts et centres de recherche, universit\u00e9s, organes politiques, \u00e9conomiques\u2026).[\/vc_column_text][\/vc_column_inner][\/vc_row_inner][\/vc_column][\/vc_row]<\/p>\n","protected":false},"excerpt":{"rendered":"<p>[vc_row][vc_column][mkd_section_title title_tag=\u00a0\u00bbh3&Prime; pattern_style=\u00a0\u00bblight\u00a0\u00bb title=\u00a0\u00bbNos partenaires institutionnels\u00a0\u00bb][\/vc_column][\/vc_row][vc_row][vc_column width=\u00a0\u00bb1\/4&Prime;][vc_single_image image=\u00a0\u00bb108&Prime; img_size=\u00a0\u00bbfull\u00a0\u00bb][\/vc_column][vc_column width=\u00a0\u00bb3\/4&Prime;][vc_column_text] Alliance fran\u00e7aise de Bichkek Mission Enseigner la langue fran\u00e7aise et sa culture au Kirghizstan Description L&rsquo;Alliance Fran\u00e7aise de Bichkek vous propose des cours de fran\u00e7ais et de russe tous niveaux, en groupe ou particuliers. Plus d&rsquo;informations par t\u00e9l\u00e9phone ou au 143\/1 Isanova\/Frounze. Rendez-vous \u00e9galement au [&hellip;]<\/p>\n","protected":false},"author":1,"featured_media":0,"parent":0,"menu_order":0,"comment_status":"closed","ping_status":"closed","template":"","meta":{"_acf_changed":false,"footnotes":""},"coauthors":[],"class_list":["post-309","page","type-page","status-publish","hentry"],"acf":[],"_links":{"self":[{"href":"https:\/\/novastan.org\/fr\/wp-json\/wp\/v2\/pages\/309","targetHints":{"allow":["GET"]}}],"collection":[{"href":"https:\/\/novastan.org\/fr\/wp-json\/wp\/v2\/pages"}],"about":[{"href":"https:\/\/novastan.org\/fr\/wp-json\/wp\/v2\/types\/page"}],"author":[{"embeddable":true,"href":"https:\/\/novastan.org\/fr\/wp-json\/wp\/v2\/users\/1"}],"replies":[{"embeddable":true,"href":"https:\/\/novastan.org\/fr\/wp-json\/wp\/v2\/comments?post=309"}],"version-history":[{"count":0,"href":"https:\/\/novastan.org\/fr\/wp-json\/wp\/v2\/pages\/309\/revisions"}],"wp:attachment":[{"href":"https:\/\/novastan.org\/fr\/wp-json\/wp\/v2\/media?parent=309"}],"wp:term":[{"taxonomy":"author","embeddable":true,"href":"https:\/\/novastan.org\/fr\/wp-json\/wp\/v2\/coauthors?post=309"}],"curies":[{"name":"wp","href":"https:\/\/api.w.org\/{rel}","templated":true}]}}