{"id":3017,"date":"2016-09-16T21:32:11","date_gmt":"2016-09-16T19:32:11","guid":{"rendered":"https:\/\/novastan.org\/fr\/?page_id=3017"},"modified":"2021-08-23T10:45:28","modified_gmt":"2021-08-23T08:45:28","slug":"nos-pays","status":"publish","type":"page","link":"https:\/\/novastan.org\/fr\/nos-pays\/","title":{"rendered":"Nos pays"},"content":{"rendered":"<p>[vc_row css=\u00a0\u00bb.vc_custom_1608193471679{padding-top: 17px !important;}\u00a0\u00bb][vc_column width=\u00a0\u00bb1\/2&Prime;][vc_single_image image=\u00a0\u00bb17441&Prime; img_size=\u00a0\u00bbfull\u00a0\u00bb][\/vc_column][vc_column width=\u00a0\u00bb1\/2&Prime;][vc_column_text]Novastan couvre cinq pays d&rsquo;Asie centrale :<\/p>\n<p><a href=\"https:\/\/novastan.org\/fr\/kazakhstan\/\">Le Kazakhstan<\/a><\/p>\n<p><a href=\"https:\/\/novastan.org\/fr\/kirghizstan\/\">Le Kirghizstan<\/a><\/p>\n<p><a href=\"https:\/\/novastan.org\/fr\/ouzbekistan\/\">L&rsquo;Ouzb\u00e9kistan<\/a><\/p>\n<p><a href=\"https:\/\/novastan.org\/fr\/tadjikistan\/\">Le Tadjikistan<\/a><\/p>\n<p><a href=\"https:\/\/novastan.org\/fr\/turkmenistan\/\">Le Turkm\u00e9nistan<\/a><\/p>\n<p>En parall\u00e8le, nous suivons avec attention les informations relatives \u00e0 la <a href=\"https:\/\/novastan.org\/fr\/region-ouighoure\/\">R\u00e9gion autonome ou\u00efghoure du Xinjiang.<\/a><\/p>\n<p>Pour en savoir plus sur notre projet, fond\u00e9 en 2011 \u00e0 Bichkek, <a href=\"https:\/\/novastan.org\/fr\/le-projet-novastan\/\">rendez-vous par ici.<\/a><\/p>\n<p>Une question, une id\u00e9e ? Notre email : redaction[at]novastan.org.[\/vc_column_text][\/vc_column][\/vc_row]<\/p>\n","protected":false},"excerpt":{"rendered":"<p>[vc_row css=\u00a0\u00bb.vc_custom_1608193471679{padding-top: 17px !important;}\u00a0\u00bb][vc_column width=\u00a0\u00bb1\/2&Prime;][vc_single_image image=\u00a0\u00bb17441&Prime; img_size=\u00a0\u00bbfull\u00a0\u00bb][\/vc_column][vc_column width=\u00a0\u00bb1\/2&Prime;][vc_column_text]Novastan couvre cinq pays d&rsquo;Asie centrale : Le Kazakhstan Le Kirghizstan L&rsquo;Ouzb\u00e9kistan Le Tadjikistan Le Turkm\u00e9nistan En parall\u00e8le, nous suivons avec attention les informations relatives \u00e0 la R\u00e9gion autonome ou\u00efghoure du Xinjiang. Pour en savoir plus sur notre projet, fond\u00e9 en 2011 \u00e0 Bichkek, rendez-vous par ici. Une [&hellip;]<\/p>\n","protected":false},"author":81,"featured_media":0,"parent":0,"menu_order":0,"comment_status":"closed","ping_status":"closed","template":"full-width.php","meta":{"_acf_changed":false,"footnotes":""},"coauthors":[61],"class_list":["post-3017","page","type-page","status-publish","hentry"],"acf":[],"_links":{"self":[{"href":"https:\/\/novastan.org\/fr\/wp-json\/wp\/v2\/pages\/3017","targetHints":{"allow":["GET"]}}],"collection":[{"href":"https:\/\/novastan.org\/fr\/wp-json\/wp\/v2\/pages"}],"about":[{"href":"https:\/\/novastan.org\/fr\/wp-json\/wp\/v2\/types\/page"}],"author":[{"embeddable":true,"href":"https:\/\/novastan.org\/fr\/wp-json\/wp\/v2\/users\/81"}],"replies":[{"embeddable":true,"href":"https:\/\/novastan.org\/fr\/wp-json\/wp\/v2\/comments?post=3017"}],"version-history":[{"count":0,"href":"https:\/\/novastan.org\/fr\/wp-json\/wp\/v2\/pages\/3017\/revisions"}],"wp:attachment":[{"href":"https:\/\/novastan.org\/fr\/wp-json\/wp\/v2\/media?parent=3017"}],"wp:term":[{"taxonomy":"author","embeddable":true,"href":"https:\/\/novastan.org\/fr\/wp-json\/wp\/v2\/coauthors?post=3017"}],"curies":[{"name":"wp","href":"https:\/\/api.w.org\/{rel}","templated":true}]}}