{"id":20772,"date":"2019-03-14T18:10:53","date_gmt":"2019-03-14T17:10:53","guid":{"rendered":"https:\/\/novastan.org\/fr\/?page_id=20772"},"modified":"2025-04-18T11:13:03","modified_gmt":"2025-04-18T09:13:03","slug":"le-projet-novastan","status":"publish","type":"page","link":"https:\/\/novastan.org\/fr\/le-projet-novastan\/","title":{"rendered":"Le projet Novastan"},"content":{"rendered":"\n<p>Novastan.org est le seul m\u00e9dia europ\u00e9en (fran\u00e7ais, allemand, anglais) d\u00e9di\u00e9 \u00e0 l&rsquo;Asie centrale post-sovi\u00e9tique (Kazakhstan, Kirghizstan, Ouzb\u00e9kistan, Tadjikistan, Turkm\u00e9nistan). Bas\u00e9 \u00e0 Paris et Berlin, Novastan <a href=\"https:\/\/novastan.org\/fr\/novastan-france\/notre-projet\/\">a \u00e9t\u00e9 fond\u00e9 en 2011<\/a> \u00e0 Bichkek (Kirghizstan). Il est devenu en juillet 2018 <a href=\"https:\/\/novastan.org\/fr\/novastan\/soutenir-novastan-mode-demploi\/\">un m\u00e9dia associatif<\/a> en France et en Allemagne. En mars 2020, Novastan a \u00e9t\u00e9 reconnu <a href=\"https:\/\/novastan.org\/fr\/novastan-france\/novastan-officiellement-reconnu-comme-media-en-ligne\/\">comme \u00e9diteur de presse en ligne<\/a> par les autorit\u00e9s fran\u00e7aises.<\/p>\n\n\n\n<p>Vous pouvez avoir acc\u00e8s \u00e0 <a href=\"https:\/\/docs.google.com\/document\/d\/1ZtcAtI0n_AwDk2djHQLOOe0zPiAkLLkdH8QhF5tmKps\/edit\">nos statuts<\/a> ainsi qu\u2019au compte-rendu de notre derni\u00e8re <a href=\"https:\/\/drive.google.com\/drive\/u\/0\/folders\/1Wf9ljCY6lpqKS-m_NvztMX00xAS-yLlK\">assembl\u00e9e g\u00e9n\u00e9rale <\/a>(avril 2025). Toute personne peut avoir acc\u00e8s \u00e0 nos rapports d&rsquo;activit\u00e9, budgets r\u00e9alis\u00e9s et compte-rendus d&rsquo;Assembl\u00e9es g\u00e9n\u00e9rales en contacter Novastan par mail : novastan.france[at]novastan.org.<\/p>\n\n\n\n<p>Nous avons \u00e9galement sign\u00e9 <a href=\"https:\/\/novastan.org\/fr\/novastan\/accord-de-partenariat-entre-les-associations-de-novastan\/\">un accord de partenariat<\/a> entre les deux associations du projet (juin 2019).<\/p>\n\n\n\n<p>En tant que m\u00e9dia associatif, Novastan est tout autant un m\u00e9dia qu&rsquo;une association. Autant que nous publions des articles et informons sur l&rsquo;Asie centrale, nous organisons <a href=\"https:\/\/novastan.org\/fr\/tag\/evenement\/\">des \u00e9v\u00e8nements<\/a> pour rapprocher la r\u00e9gion des Fran\u00e7ais.<\/p>\n\n\n\n<p><a href=\"https:\/\/novastan.org\/fr\/cat\/novastan-france\/\">Retrouvez nos derni\u00e8res actualit\u00e9s par ici.<\/a><\/p>\n\n\n\n<h2 class=\"wp-block-heading\">Soutenir Novastan<\/h2>\n\n\n\n<h3 class=\"wp-block-heading\">\u00a0<em>&#8230;par l&rsquo;abonnement<\/em><\/h3>\n\n\n\n<p>Depuis le 30 septembre 2020, la version fran\u00e7aise de Novastan <a href=\"https:\/\/novastan.org\/fr\/novastan-france\/labonnement-est-lance\/\">est pass\u00e9e l&rsquo;abonnement<\/a>. Pour <a href=\"https:\/\/novastan.org\/fr\/sabonner\/\">6 euros ou 3 euros par mois<\/a>, nos lecteur-trice-s peuvent soutenir un m\u00e9dia ind\u00e9pendant et unique dans le paysage m\u00e9diatique francophone. Et ce sans engagement.<\/p>\n\n\n\n<p>Concr\u00e8tement, ce soutien financier nous permet :<\/p>\n\n\n\n<ul class=\"wp-block-list\">\n<li>De r\u00e9mun\u00e9rer \u00e0 terme un r\u00e9dacteur en chef ainsi qu&rsquo;une \u00e9quipe de pigistes<\/li>\n\n\n\n<li>De ne pas faire le choix de la publicit\u00e9 et ainsi de rester ind\u00e9pendant<\/li>\n\n\n\n<li>D&rsquo;envisager la suite de notre aventure, qui passera par une nouvelle version du site avec <a href=\"https:\/\/novastan.org\/fr\/novastan\/un-plan-de-refonte-pour-le-site-web-de-novastan\/\">un design am\u00e9lior\u00e9<\/a> et de nouvelles possibilit\u00e9s offertes pour nos lecteurs.<\/li>\n<\/ul>\n\n\n\n<p>Pour tout savoir sur nos offres d&rsquo;abonnement, <a href=\"https:\/\/novastan.org\/fr\/sabonner\/\">cliquez ici<\/a>.<\/p>\n\n\n\n<p><em>Novastan propose \u00e9galement des abonnements group\u00e9s \u00e0 des tarifs pr\u00e9f\u00e9rentiels. Int\u00e9ress\u00e9-e ? Envoyez-nous un mail \u00e0 marketing[at]novastan.org pour en savoir plus.<\/em><\/p>\n\n\n\n<h3 class=\"wp-block-heading\"><em>&#8230;par le don&nbsp;<\/em><\/h3>\n\n\n\n<p>En tant qu&rsquo;association, Novastan organise r\u00e9guli\u00e8rement des \u00e9v\u00e8nements en France, comme des conf\u00e9rences, des soir\u00e9es dansantes ou toute nouvelle id\u00e9e qui nous serait sugg\u00e9r\u00e9e.<\/p>\n\n\n\n<p>Vous pouvez soutenir ces activit\u00e9s en r\u00e9alisant un don ponctuel ou mensuel (d\u00e9fiscalis\u00e9 \u00e0 66 %) <a href=\"https:\/\/www.okpal.com\/soutenez-novastan-seul-media-francais-sur-l-asie\/\">par ici<\/a>. Gr\u00e2ce \u00e0 ces dons, nous pourrons louer des lieux, inviter des intervenants prestigieux et cr\u00e9er <a href=\"https:\/\/novastan.org\/fr\/novastan-france\/faire-un-don\/\">un lien fort entre la France et l&rsquo;Asie centrale<\/a>. Avec ce don, vous recevrez \u00e9galement des nouvelles de notre projet.<\/p>\n\n\n\n<p>Point important cependant : ce don <strong>ne vous donnera pas acc\u00e8s aux articles du site.&nbsp;<\/strong><\/p>\n\n\n\n<h2 class=\"wp-block-heading\">Contribuer \u00e0 Novastan<\/h2>\n\n\n\n<p>Envie de participer au projet Novastan ? C&rsquo;est tout \u00e0 fait possible ! Nous serions heureux de vous compter parmi nous. En tant que m\u00e9dia associatif, Novastan a des besoins autant pour sa r\u00e9daction que son p\u00f4le \u00e9v\u00e8nements.<\/p>\n\n\n\n<p>Vous avez envie de contribuer \u00e0 la r\u00e9daction en tant que r\u00e9dacteur-trice, \u00e9diteur-trice, traducteur-trice ou d&rsquo;autres missions ? Voici <a href=\"https:\/\/novastan.org\/fr\/novastan-france\/contribuer-a-la-redaction-de-novastan\/\">tous les d\u00e9tails pour nous rejoindre.&nbsp;<\/a><\/p>\n\n\n\n<p>Les \u00e9v\u00e8nements et le contact humain, c&rsquo;est votre dada ? Envoyez-nous un mail \u00e0 novastan.france[at]novastan.org, on sera ravis de vous compter dans l&rsquo;\u00e9quipe !<\/p>\n\n\n\n<h2 class=\"wp-block-heading\">Notre \u00e9quipe<\/h2>\n\n\n\n<p>L&rsquo;\u00e9quipe fran\u00e7aise de Novastan est constitu\u00e9e de pr\u00e8s de 90 b\u00e9n\u00e9voles, r\u00e9partis en France et dans le monde. Chacun-e aide quand il\/elle le peut, selon son temps et son envie. Dans le d\u00e9tail et au 1er avril 2025, nous comptons 85 b\u00e9n\u00e9voles :<\/p>\n\n\n\n<ul class=\"wp-block-list\">\n<li><span style=\"font-weight: 400;\">10 membres du bureau<\/span><\/li>\n\n\n\n<li><span style=\"font-weight: 400;\">11 \u00e9diteur-trice-s, incluant une responsable membre du bureau<\/span><\/li>\n\n\n\n<li><span style=\"font-weight: 400;\">9 membres du Conseil consultatif<\/span><\/li>\n\n\n\n<li><span style=\"font-weight: 400;\">22 r\u00e9dacteur-trice-s<\/span><\/li>\n\n\n\n<li><span style=\"font-weight: 400;\">7 correcteur-trice-s<\/span><\/li>\n\n\n\n<li><span style=\"font-weight: 400;\">21 traducteur-trice-s<\/span><\/li>\n\n\n\n<li>1 gestionnaire de communaut\u00e9<\/li>\n<\/ul>\n\n\n\n<p>Envie de nous rejoindre ? Envoyez-nous un email \u00e0 novastan.france[at]novastan.org.<\/p>\n\n\n\n<h2 class=\"wp-block-heading\">Mais au fait l&rsquo;Asie centrale, c&rsquo;est o\u00f9 ?<\/h2>\n\n\n\n<p>L&rsquo;Asie centrale, ce sont 5 pays : le Kazakhstan, le Kirghizstan, l&rsquo;Ouzb\u00e9kistan, le Tadjikistan et le Turkm\u00e9nistan. Ces pays appartenaient tous \u00e0 l&rsquo;Union sovi\u00e9tique jusqu&rsquo;en 1991. Dans notre conception de l&rsquo;Asie centrale, nous rajoutons \u00e9galement la R\u00e9gion autonome ou\u00efghoure du Xinjiang, mais excluons l&rsquo;Afghanistan et le Pakistan.<\/p>\n\n\n\n<p>Pour couvrir cet espace, Novastan est bas\u00e9 \u00e0 Paris et \u00e0 Berlin. Nous avons \u00e9galement des \u00e9quipes \u00e0 Bichkek, capitale du Kirghizstan, et en Angleterre.<\/p>\n\n\n\n<h2 class=\"wp-block-heading\">Nous contacter<\/h2>\n\n\n\n<p>Novastan est pr\u00e9sent sur <a href=\"https:\/\/www.facebook.com\/Novastan.org\/\">Facebook<\/a>, <a href=\"https:\/\/twitter.com\/novastan_fr\">Twitter<\/a>, <a href=\"https:\/\/www.linkedin.com\/company\/fondation-novastan\/\">LinkedIn<\/a>, <a href=\"https:\/\/telegram.me\/novastan\">Telegram<\/a> et <a href=\"https:\/\/www.instagram.com\/novastanorg\/\">Instagram<\/a>. Vous pouvez nous contacter sur l&rsquo;un de ces r\u00e9seaux directement.<\/p>\n\n\n\n<p>Autrement, nous sommes joignables par email :<\/p>\n\n\n\n<ul class=\"wp-block-list\">\n<li>Pour toutes demandes, questions, propositions li\u00e9es \u00e0 l&rsquo;association fran\u00e7aise de Novastan, vous pouvez envoyer un mail \u00e0 <a href=\"mailto:novastan.france@novastan.org\" rel=\"nofollow\">novastan.france@novastan.org<\/a><\/li>\n\n\n\n<li>Pour ce qui concerne la r\u00e9daction fran\u00e7aise, vous pouvez envoyer un mail \u00e0 <a href=\"mailto:redaction@novastan.org\" rel=\"nofollow\">redaction@novastan.org<\/a><\/li>\n\n\n\n<li>Pour une question ou une demande sur le projet en tant que tel, vous pouvez envoyer un mail \u00e0 <a href=\"mailto:info@novastan.org\" rel=\"nofollow\">info@novastan.org<\/a> ou remplir le formulaire de contact ci-dessous.<\/li>\n<\/ul>\n\n\n\n<p>Merci pour votre fid\u00e9lit\u00e9 !<\/p>\n\n\n\n<h2 class=\"wp-block-heading\">Nos partenaires<\/h2>\n\n\n\n<p>Novastan a nou\u00e9 des liens avec de nombreux partenaires, tant avec des institutionnels que des m\u00e9dias. Tous les d\u00e9tails se trouvent <a href=\"https:\/\/novastan.org\/fr\/partenaires\/\">en cliquant ici<\/a>.<\/p>\n\n\n\n<h2 class=\"wp-block-heading\">Mentions l\u00e9gales et charte \u00e9ditoriale<\/h2>\n\n\n\n<p>Comme tout m\u00e9dia, Novastan a des mentions l\u00e9gales, que vous pouvez consulter <a href=\"https:\/\/novastan.org\/fr\/mentions-legales\/\">en cliquant ici<\/a>. Notre charte \u00e9ditoriale se trouve <a href=\"https:\/\/novastan.org\/fr\/charte-editoriale\/\">par ici<\/a>.<\/p>\n\n\n\n<div class=\"wp-block-contact-form-7-contact-form-selector\">\n<div class=\"wpcf7 no-js\" id=\"wpcf7-f361-o1\" lang=\"fr-FR\" dir=\"ltr\" data-wpcf7-id=\"361\">\n<div class=\"screen-reader-response\"><p role=\"status\" aria-live=\"polite\" aria-atomic=\"true\"><\/p> <ul><\/ul><\/div>\n<form action=\"\/fr\/wp-json\/wp\/v2\/pages\/20772#wpcf7-f361-o1\" method=\"post\" class=\"wpcf7-form init\" aria-label=\"Formulaire de contact\" novalidate=\"novalidate\" data-status=\"init\">\n<fieldset class=\"hidden-fields-container\"><input type=\"hidden\" name=\"_wpcf7\" value=\"361\" \/><input type=\"hidden\" name=\"_wpcf7_version\" value=\"6.1.5\" \/><input type=\"hidden\" name=\"_wpcf7_locale\" value=\"fr_FR\" \/><input type=\"hidden\" name=\"_wpcf7_unit_tag\" value=\"wpcf7-f361-o1\" \/><input type=\"hidden\" name=\"_wpcf7_container_post\" value=\"0\" \/><input type=\"hidden\" name=\"_wpcf7_posted_data_hash\" value=\"\" \/>\n<\/fieldset>\n<div class=\"contact-page\">\n\t<p><label> Votre nom (obligatoire)<br \/>\n<span class=\"wpcf7-form-control-wrap\" data-name=\"your-name\"><input size=\"40\" maxlength=\"400\" class=\"wpcf7-form-control wpcf7-text wpcf7-validates-as-required\" aria-required=\"true\" aria-invalid=\"false\" value=\"\" type=\"text\" name=\"your-name\" \/><\/span> <\/label>\n\t<\/p>\n\t<p><label> Votre e-mail (obligatoire)<br \/>\n<span class=\"wpcf7-form-control-wrap\" data-name=\"your-email\"><input size=\"40\" maxlength=\"400\" class=\"wpcf7-form-control wpcf7-email wpcf7-validates-as-required wpcf7-text wpcf7-validates-as-email\" aria-required=\"true\" aria-invalid=\"false\" value=\"\" type=\"email\" name=\"your-email\" \/><\/span> <\/label>\n\t<\/p>\n\t<p><label> Sujet<br \/>\n<span class=\"wpcf7-form-control-wrap\" data-name=\"your-subject\"><input size=\"40\" maxlength=\"400\" class=\"wpcf7-form-control wpcf7-text\" aria-invalid=\"false\" value=\"\" type=\"text\" name=\"your-subject\" \/><\/span> <\/label>\n\t<\/p>\n\t<p><label> Votre message<br \/>\n<span class=\"wpcf7-form-control-wrap\" data-name=\"your-message\"><textarea cols=\"40\" rows=\"10\" maxlength=\"2000\" class=\"wpcf7-form-control wpcf7-textarea\" aria-invalid=\"false\" name=\"your-message\"><\/textarea><\/span> <\/label>\n\t<\/p>\n\t<p><span class=\"wpcf7-form-control-wrap\" data-name=\"acceptance-484\"><span class=\"wpcf7-form-control wpcf7-acceptance\"><span class=\"wpcf7-list-item\"><label><input type=\"checkbox\" name=\"acceptance-484\" value=\"1\" aria-invalid=\"false\" \/><span class=\"wpcf7-list-item-label\">En cochant la case, j'accepte la <a href=\"\/mentions-legales\">politique de confidentialit\u00e9<\/a><\/span><\/label><\/span><\/span><\/span>\n\t<\/p>\n\t<p><input class=\"wpcf7-form-control wpcf7-submit has-spinner\" type=\"submit\" value=\"Envoyer\" \/>\n\t<\/p>\n<\/div><p style=\"display: none !important;\" class=\"akismet-fields-container\" data-prefix=\"_wpcf7_ak_\"><label>&#916;<textarea name=\"_wpcf7_ak_hp_textarea\" cols=\"45\" rows=\"8\" maxlength=\"100\"><\/textarea><\/label><input type=\"hidden\" id=\"ak_js_1\" name=\"_wpcf7_ak_js\" value=\"35\"\/><script>document.getElementById( \"ak_js_1\" ).setAttribute( \"value\", ( new Date() ).getTime() );<\/script><\/p><div class=\"wpcf7-response-output\" aria-hidden=\"true\"><\/div>\n<\/form>\n<\/div>\n<\/div>\n\n\n\n<p><\/p>\n","protected":false},"excerpt":{"rendered":"<p>Novastan.org est le seul m\u00e9dia europ\u00e9en (fran\u00e7ais, allemand, anglais) d\u00e9di\u00e9 \u00e0 l&rsquo;Asie centrale post-sovi\u00e9tique (Kazakhstan, Kirghizstan, Ouzb\u00e9kistan, Tadjikistan, Turkm\u00e9nistan). Bas\u00e9 \u00e0 Paris et Berlin, Novastan a \u00e9t\u00e9 fond\u00e9 en 2011 \u00e0 Bichkek (Kirghizstan). Il est devenu en juillet 2018 un m\u00e9dia associatif en France et en Allemagne. En mars 2020, Novastan a \u00e9t\u00e9 reconnu comme [&hellip;]<\/p>\n","protected":false},"author":433,"featured_media":0,"parent":0,"menu_order":0,"comment_status":"closed","ping_status":"closed","template":"","meta":{"_acf_changed":false,"footnotes":""},"coauthors":[2010],"class_list":["post-20772","page","type-page","status-publish","hentry"],"acf":[],"_links":{"self":[{"href":"https:\/\/novastan.org\/fr\/wp-json\/wp\/v2\/pages\/20772","targetHints":{"allow":["GET"]}}],"collection":[{"href":"https:\/\/novastan.org\/fr\/wp-json\/wp\/v2\/pages"}],"about":[{"href":"https:\/\/novastan.org\/fr\/wp-json\/wp\/v2\/types\/page"}],"author":[{"embeddable":true,"href":"https:\/\/novastan.org\/fr\/wp-json\/wp\/v2\/users\/433"}],"replies":[{"embeddable":true,"href":"https:\/\/novastan.org\/fr\/wp-json\/wp\/v2\/comments?post=20772"}],"version-history":[{"count":7,"href":"https:\/\/novastan.org\/fr\/wp-json\/wp\/v2\/pages\/20772\/revisions"}],"predecessor-version":[{"id":70332,"href":"https:\/\/novastan.org\/fr\/wp-json\/wp\/v2\/pages\/20772\/revisions\/70332"}],"wp:attachment":[{"href":"https:\/\/novastan.org\/fr\/wp-json\/wp\/v2\/media?parent=20772"}],"wp:term":[{"taxonomy":"author","embeddable":true,"href":"https:\/\/novastan.org\/fr\/wp-json\/wp\/v2\/coauthors?post=20772"}],"curies":[{"name":"wp","href":"https:\/\/api.w.org\/{rel}","templated":true}]}}